{"id":938,"date":"2026-03-02T18:36:58","date_gmt":"2026-03-02T17:36:58","guid":{"rendered":"https:\/\/boutique.maison-aubert.fr\/?post_type=product&#038;p=938"},"modified":"2026-03-02T18:36:58","modified_gmt":"2026-03-02T17:36:58","slug":"coffret-decouverte-4-bouteilles-33cl-originale-framboise-cola-the-vert","status":"publish","type":"product","link":"https:\/\/maison-aubert.fr\/en_en\/product\/coffret-decouverte-4-bouteilles-33cl-originale-framboise-cola-the-vert\/","title":{"rendered":"Discovery set of 4 x 33cl bottles: Original, Raspberry, Cola, Green Tea"},"content":{"rendered":"<p>Discovery set of 4 x 33cl bottles<\/p>\n<p>Composed of :<\/p>\n<ul>\n<li>1 Original 33 cl<\/li>\n<li>1 Raspberry 33 cl<\/li>\n<li>1 Cola 33 cl<\/li>\n<li>1 Sparkling Green Tea 33 cl<\/li>\n<\/ul>","protected":false},"excerpt":{"rendered":"<p>Coffret d\u00e9couverte 4 bouteilles 33cl Compos\u00e9 de : 1 Originale 33 cl 1 Framboise 33 cl 1 Cola 33 cl&#8230;<\/p>","protected":false},"featured_media":0,"comment_status":"open","ping_status":"closed","template":"","meta":{"inline_featured_image":false,"cybocfi_hide_featured_image":""},"product_brand":[],"product_cat":[20],"product_tag":[],"class_list":{"0":"post-938","1":"product","2":"type-product","3":"status-publish","5":"product_cat-packs-coffrets","7":"first","8":"instock","9":"taxable","10":"shipping-taxable","11":"purchasable","12":"product-type-woosb"},"yoast_head":"<!-- This site is optimized with the Yoast SEO plugin v27.5 - https:\/\/yoast.com\/product\/yoast-seo-wordpress\/ -->\n<title>Coffret d\u00e9couverte 4 bouteilles 33cl Originale, Framboise, Cola, Th\u00e9 vert - Maison Aubert<\/title>\n<meta name=\"robots\" content=\"index, follow, max-snippet:-1, max-image-preview:large, max-video-preview:-1\" \/>\n<link rel=\"canonical\" href=\"https:\/\/maison-aubert.fr\/en_en\/product\/coffret-decouverte-4-bouteilles-33cl-originale-framboise-cola-the-vert\/\" \/>\n<meta property=\"og:locale\" content=\"en_GB\" \/>\n<meta property=\"og:type\" content=\"article\" \/>\n<meta property=\"og:title\" content=\"Coffret d\u00e9couverte 4 bouteilles 33cl Originale, Framboise, Cola, Th\u00e9 vert - Maison Aubert\" \/>\n<meta property=\"og:description\" content=\"Coffret d\u00e9couverte 4 bouteilles 33cl Compos\u00e9 de : 1 Originale 33 cl 1 Framboise 33 cl 1 Cola 33 cl...\" \/>\n<meta property=\"og:url\" content=\"https:\/\/maison-aubert.fr\/en_en\/product\/coffret-decouverte-4-bouteilles-33cl-originale-framboise-cola-the-vert\/\" \/>\n<meta property=\"og:site_name\" content=\"Maison Aubert\" \/>\n<meta property=\"article:publisher\" content=\"https:\/\/www.facebook.com\/maison.aubert.limonades\" \/>\n<meta name=\"twitter:card\" content=\"summary_large_image\" \/>\n<meta name=\"twitter:label1\" content=\"Estimated reading time\" \/>\n\t<meta name=\"twitter:data1\" content=\"1 minute\" \/>\n<script type=\"application\/ld+json\" class=\"yoast-schema-graph\">{\"@context\":\"https:\\\/\\\/schema.org\",\"@graph\":[{\"@type\":\"WebPage\",\"@id\":\"https:\\\/\\\/maison-aubert.fr\\\/produit\\\/coffret-decouverte-4-bouteilles-33cl-originale-framboise-cola-the-vert\\\/\",\"url\":\"https:\\\/\\\/maison-aubert.fr\\\/produit\\\/coffret-decouverte-4-bouteilles-33cl-originale-framboise-cola-the-vert\\\/\",\"name\":\"Coffret d\u00e9couverte 4 bouteilles 33cl Originale, Framboise, Cola, Th\u00e9 vert - Maison Aubert\",\"isPartOf\":{\"@id\":\"https:\\\/\\\/maison-aubert.fr\\\/#website\"},\"datePublished\":\"2026-03-02T17:36:58+00:00\",\"breadcrumb\":{\"@id\":\"https:\\\/\\\/maison-aubert.fr\\\/produit\\\/coffret-decouverte-4-bouteilles-33cl-originale-framboise-cola-the-vert\\\/#breadcrumb\"},\"inLanguage\":\"en-GB\",\"potentialAction\":[{\"@type\":\"ReadAction\",\"target\":[\"https:\\\/\\\/maison-aubert.fr\\\/produit\\\/coffret-decouverte-4-bouteilles-33cl-originale-framboise-cola-the-vert\\\/\"]}]},{\"@type\":\"BreadcrumbList\",\"@id\":\"https:\\\/\\\/maison-aubert.fr\\\/produit\\\/coffret-decouverte-4-bouteilles-33cl-originale-framboise-cola-the-vert\\\/#breadcrumb\",\"itemListElement\":[{\"@type\":\"ListItem\",\"position\":1,\"name\":\"Accueil\",\"item\":\"https:\\\/\\\/maison-aubert.fr\\\/\"},{\"@type\":\"ListItem\",\"position\":2,\"name\":\"Boutique\",\"item\":\"https:\\\/\\\/maison-aubert.fr\\\/boutique\\\/\"},{\"@type\":\"ListItem\",\"position\":3,\"name\":\"Coffret d\u00e9couverte 4 bouteilles 33cl Originale, Framboise, Cola, Th\u00e9 vert\"}]},{\"@type\":\"WebSite\",\"@id\":\"https:\\\/\\\/maison-aubert.fr\\\/#website\",\"url\":\"https:\\\/\\\/maison-aubert.fr\\\/\",\"name\":\"Maison Aubert - Limonade artisanale en Occitanie\",\"description\":\"Limonade artisanale en Occitanie - Maison Aubert, Ce que le Sud a de + frais\",\"publisher\":{\"@id\":\"https:\\\/\\\/maison-aubert.fr\\\/#organization\"},\"potentialAction\":[{\"@type\":\"SearchAction\",\"target\":{\"@type\":\"EntryPoint\",\"urlTemplate\":\"https:\\\/\\\/maison-aubert.fr\\\/?s={search_term_string}\"},\"query-input\":{\"@type\":\"PropertyValueSpecification\",\"valueRequired\":true,\"valueName\":\"search_term_string\"}}],\"inLanguage\":\"en-GB\"},{\"@type\":\"Organization\",\"@id\":\"https:\\\/\\\/maison-aubert.fr\\\/#organization\",\"name\":\"Maison Aubert\",\"url\":\"https:\\\/\\\/maison-aubert.fr\\\/\",\"logo\":{\"@type\":\"ImageObject\",\"inLanguage\":\"en-GB\",\"@id\":\"https:\\\/\\\/maison-aubert.fr\\\/#\\\/schema\\\/logo\\\/image\\\/\",\"url\":\"https:\\\/\\\/maison-aubert.fr\\\/wp-content\\\/uploads\\\/2023\\\/12\\\/Logo-150-x-150.svg\",\"contentUrl\":\"https:\\\/\\\/maison-aubert.fr\\\/wp-content\\\/uploads\\\/2023\\\/12\\\/Logo-150-x-150.svg\",\"width\":150,\"height\":150,\"caption\":\"Maison Aubert\"},\"image\":{\"@id\":\"https:\\\/\\\/maison-aubert.fr\\\/#\\\/schema\\\/logo\\\/image\\\/\"},\"sameAs\":[\"https:\\\/\\\/www.facebook.com\\\/maison.aubert.limonades\",\"https:\\\/\\\/www.instagram.com\\\/maison.aubert\\\/\",\"https:\\\/\\\/www.linkedin.com\\\/company\\\/26254573\\\/\"]}]}<\/script>\n<!-- \/ Yoast SEO plugin. -->","yoast_head_json":{"title":"Coffret d\u00e9couverte 4 bouteilles 33cl Originale, Framboise, Cola, Th\u00e9 vert - Maison Aubert","robots":{"index":"index","follow":"follow","max-snippet":"max-snippet:-1","max-image-preview":"max-image-preview:large","max-video-preview":"max-video-preview:-1"},"canonical":"https:\/\/maison-aubert.fr\/en_en\/product\/coffret-decouverte-4-bouteilles-33cl-originale-framboise-cola-the-vert\/","og_locale":"en_GB","og_type":"article","og_title":"Coffret d\u00e9couverte 4 bouteilles 33cl Originale, Framboise, Cola, Th\u00e9 vert - Maison Aubert","og_description":"Coffret d\u00e9couverte 4 bouteilles 33cl Compos\u00e9 de : 1 Originale 33 cl 1 Framboise 33 cl 1 Cola 33 cl...","og_url":"https:\/\/maison-aubert.fr\/en_en\/product\/coffret-decouverte-4-bouteilles-33cl-originale-framboise-cola-the-vert\/","og_site_name":"Maison Aubert","article_publisher":"https:\/\/www.facebook.com\/maison.aubert.limonades","twitter_card":"summary_large_image","twitter_misc":{"Estimated reading time":"1 minute"},"schema":{"@context":"https:\/\/schema.org","@graph":[{"@type":"WebPage","@id":"https:\/\/maison-aubert.fr\/produit\/coffret-decouverte-4-bouteilles-33cl-originale-framboise-cola-the-vert\/","url":"https:\/\/maison-aubert.fr\/produit\/coffret-decouverte-4-bouteilles-33cl-originale-framboise-cola-the-vert\/","name":"Coffret d\u00e9couverte 4 bouteilles 33cl Originale, Framboise, Cola, Th\u00e9 vert - Maison Aubert","isPartOf":{"@id":"https:\/\/maison-aubert.fr\/#website"},"datePublished":"2026-03-02T17:36:58+00:00","breadcrumb":{"@id":"https:\/\/maison-aubert.fr\/produit\/coffret-decouverte-4-bouteilles-33cl-originale-framboise-cola-the-vert\/#breadcrumb"},"inLanguage":"en-GB","potentialAction":[{"@type":"ReadAction","target":["https:\/\/maison-aubert.fr\/produit\/coffret-decouverte-4-bouteilles-33cl-originale-framboise-cola-the-vert\/"]}]},{"@type":"BreadcrumbList","@id":"https:\/\/maison-aubert.fr\/produit\/coffret-decouverte-4-bouteilles-33cl-originale-framboise-cola-the-vert\/#breadcrumb","itemListElement":[{"@type":"ListItem","position":1,"name":"Accueil","item":"https:\/\/maison-aubert.fr\/"},{"@type":"ListItem","position":2,"name":"Boutique","item":"https:\/\/maison-aubert.fr\/boutique\/"},{"@type":"ListItem","position":3,"name":"Coffret d\u00e9couverte 4 bouteilles 33cl Originale, Framboise, Cola, Th\u00e9 vert"}]},{"@type":"WebSite","@id":"https:\/\/maison-aubert.fr\/#website","url":"https:\/\/maison-aubert.fr\/","name":"Maison Aubert - Artisanal lemonade in Occitania","description":"Artisanal lemonade in Occitanie - Maison Aubert, What&#039;s fresher in the South","publisher":{"@id":"https:\/\/maison-aubert.fr\/#organization"},"potentialAction":[{"@type":"SearchAction","target":{"@type":"EntryPoint","urlTemplate":"https:\/\/maison-aubert.fr\/?s={search_term_string}"},"query-input":{"@type":"PropertyValueSpecification","valueRequired":true,"valueName":"search_term_string"}}],"inLanguage":"en-GB"},{"@type":"Organization","@id":"https:\/\/maison-aubert.fr\/#organization","name":"Maison Aubert","url":"https:\/\/maison-aubert.fr\/","logo":{"@type":"ImageObject","inLanguage":"en-GB","@id":"https:\/\/maison-aubert.fr\/#\/schema\/logo\/image\/","url":"https:\/\/maison-aubert.fr\/wp-content\/uploads\/2023\/12\/Logo-150-x-150.svg","contentUrl":"https:\/\/maison-aubert.fr\/wp-content\/uploads\/2023\/12\/Logo-150-x-150.svg","width":150,"height":150,"caption":"Maison Aubert"},"image":{"@id":"https:\/\/maison-aubert.fr\/#\/schema\/logo\/image\/"},"sameAs":["https:\/\/www.facebook.com\/maison.aubert.limonades","https:\/\/www.instagram.com\/maison.aubert\/","https:\/\/www.linkedin.com\/company\/26254573\/"]}]}},"jetpack_sharing_enabled":true,"_links":{"self":[{"href":"https:\/\/maison-aubert.fr\/en_en\/wp-json\/wp\/v2\/product\/938","targetHints":{"allow":["GET"]}}],"collection":[{"href":"https:\/\/maison-aubert.fr\/en_en\/wp-json\/wp\/v2\/product"}],"about":[{"href":"https:\/\/maison-aubert.fr\/en_en\/wp-json\/wp\/v2\/types\/product"}],"replies":[{"embeddable":true,"href":"https:\/\/maison-aubert.fr\/en_en\/wp-json\/wp\/v2\/comments?post=938"}],"wp:attachment":[{"href":"https:\/\/maison-aubert.fr\/en_en\/wp-json\/wp\/v2\/media?parent=938"}],"wp:term":[{"taxonomy":"product_brand","embeddable":true,"href":"https:\/\/maison-aubert.fr\/en_en\/wp-json\/wp\/v2\/product_brand?post=938"},{"taxonomy":"product_cat","embeddable":true,"href":"https:\/\/maison-aubert.fr\/en_en\/wp-json\/wp\/v2\/product_cat?post=938"},{"taxonomy":"product_tag","embeddable":true,"href":"https:\/\/maison-aubert.fr\/en_en\/wp-json\/wp\/v2\/product_tag?post=938"}],"curies":[{"name":"wp","href":"https:\/\/api.w.org\/{rel}","templated":true}]}}