{"id":57,"date":"2020-03-22T02:14:38","date_gmt":"2020-03-22T01:14:38","guid":{"rendered":"https:\/\/boutique.maison-aubert.fr\/?post_type=product&#038;p=57"},"modified":"2026-03-17T21:24:47","modified_gmt":"2026-03-17T20:24:47","slug":"limonade-loriginale","status":"publish","type":"product","link":"https:\/\/maison-aubert.fr\/en_en\/product\/limonade-loriginale\/","title":{"rendered":"Original Lemonade"},"content":{"rendered":"<p>Rediscover the refreshing memory of lemonade from yesteryear.<br \/>\nThe Original is the safe bet! Simplicity and authenticity. The recipe is closest to the family&#039;s historic recipe, which we have modernized.<\/p>\n<p>The identity of Maison Aubert drinks goes through:<\/p>\n<ul>\n<li>a fine sparkle<\/li>\n<li>a moderate sugar content (7.2%)<\/li>\n<\/ul>\n<p>Serve chilled.<\/p>\n<p>Organic &amp; artisanal<\/p>\n<p>From carbonated water, sugar<br \/>\norganic cane and natural extracts<br \/>\norganic lemon and organic lime.<\/p>\n<p><span class=\"fontstyle0\"><br \/>\nCarbohydrate content 7.2g \/ 100 mL<\/span><\/p>\n<p><img decoding=\"async\" class=\"alignnone size-full wp-image-34\" src=\"https:\/\/boutique.maison-aubert.fr\/wp-content\/uploads\/2020\/03\/Logos.png\" alt=\"\" width=\"248\" height=\"100\" \/><\/p>","protected":false},"excerpt":{"rendered":"<p>Original Lemonade \u2013 Organic &amp; artisanal<\/p>\n<p><span style=\"color: #ff0000;\"><em>To be eligible for FRANCE and EUROPE* shipping by Mondial Relay, your basket must contain multiples of 6 bottles in 33 cl and 75 cl.<\/em><\/span><\/p>\n<p>* Germany, Austria, Belgium, Spain, Italy, Luxembourg, Netherlands, Portugal, United Kingdom (UK)<\/p>","protected":false},"featured_media":70,"comment_status":"open","ping_status":"closed","template":"","meta":{"inline_featured_image":false,"cybocfi_hide_featured_image":""},"product_brand":[],"product_cat":[16,46,36,17],"product_tag":[],"class_list":{"0":"post-57","1":"product","2":"type-product","3":"status-publish","4":"has-post-thumbnail","6":"product_cat-boissons","7":"product_cat-bouteilles","8":"product_cat-expediable-france-et-europe","9":"product_cat-limonades","11":"first","12":"instock","13":"taxable","14":"shipping-taxable","15":"purchasable","16":"product-type-variable"},"yoast_head":"<!-- This site is optimized with the Yoast SEO plugin v27.5 - https:\/\/yoast.com\/product\/yoast-seo-wordpress\/ -->\n<title>Limonade l&#039;Originale - Maison Aubert<\/title>\n<meta name=\"robots\" content=\"index, follow, max-snippet:-1, max-image-preview:large, max-video-preview:-1\" \/>\n<link rel=\"canonical\" href=\"https:\/\/maison-aubert.fr\/en_en\/product\/limonade-loriginale\/\" \/>\n<meta property=\"og:locale\" content=\"en_GB\" \/>\n<meta property=\"og:type\" content=\"article\" \/>\n<meta property=\"og:title\" content=\"Limonade l&#039;Originale - Maison Aubert\" \/>\n<meta property=\"og:description\" content=\"Limonade l&#039;Originale - Biologique &amp; artisanale  Pour \u00eatre \u00e9ligible \u00e0 la l\u2019exp\u00e9dition FRANCE et EUROPE* par Mondial Relay, votre panier doit comporter des multiples de 6 bouteilles en 33 cl et en 75 cl.  * Allemagne, Autriche, Belgique, Espagne, Italie, Luxembourg, Pays-bas, Portugal, Royaume-Uni (UK)\" \/>\n<meta property=\"og:url\" content=\"https:\/\/maison-aubert.fr\/en_en\/product\/limonade-loriginale\/\" \/>\n<meta property=\"og:site_name\" content=\"Maison Aubert\" \/>\n<meta property=\"article:publisher\" content=\"https:\/\/www.facebook.com\/maison.aubert.limonades\" \/>\n<meta property=\"article:modified_time\" content=\"2026-03-17T20:24:47+00:00\" \/>\n<meta property=\"og:image\" content=\"https:\/\/maison-aubert.fr\/wp-content\/uploads\/2020\/03\/Originale.png\" \/>\n\t<meta property=\"og:image:width\" content=\"1000\" \/>\n\t<meta property=\"og:image:height\" content=\"1000\" \/>\n\t<meta property=\"og:image:type\" content=\"image\/png\" \/>\n<meta name=\"twitter:card\" content=\"summary_large_image\" \/>\n<meta name=\"twitter:label1\" content=\"Estimated reading time\" \/>\n\t<meta name=\"twitter:data1\" content=\"1 minute\" \/>\n<script type=\"application\/ld+json\" class=\"yoast-schema-graph\">{\"@context\":\"https:\\\/\\\/schema.org\",\"@graph\":[{\"@type\":\"WebPage\",\"@id\":\"https:\\\/\\\/maison-aubert.fr\\\/produit\\\/limonade-loriginale\\\/\",\"url\":\"https:\\\/\\\/maison-aubert.fr\\\/produit\\\/limonade-loriginale\\\/\",\"name\":\"Limonade l'Originale - Maison Aubert\",\"isPartOf\":{\"@id\":\"https:\\\/\\\/maison-aubert.fr\\\/#website\"},\"primaryImageOfPage\":{\"@id\":\"https:\\\/\\\/maison-aubert.fr\\\/produit\\\/limonade-loriginale\\\/#primaryimage\"},\"image\":{\"@id\":\"https:\\\/\\\/maison-aubert.fr\\\/produit\\\/limonade-loriginale\\\/#primaryimage\"},\"thumbnailUrl\":\"https:\\\/\\\/maison-aubert.fr\\\/wp-content\\\/uploads\\\/2020\\\/03\\\/Originale.png\",\"datePublished\":\"2020-03-22T01:14:38+00:00\",\"dateModified\":\"2026-03-17T20:24:47+00:00\",\"breadcrumb\":{\"@id\":\"https:\\\/\\\/maison-aubert.fr\\\/produit\\\/limonade-loriginale\\\/#breadcrumb\"},\"inLanguage\":\"en-GB\",\"potentialAction\":[{\"@type\":\"ReadAction\",\"target\":[\"https:\\\/\\\/maison-aubert.fr\\\/produit\\\/limonade-loriginale\\\/\"]}]},{\"@type\":\"ImageObject\",\"inLanguage\":\"en-GB\",\"@id\":\"https:\\\/\\\/maison-aubert.fr\\\/produit\\\/limonade-loriginale\\\/#primaryimage\",\"url\":\"https:\\\/\\\/maison-aubert.fr\\\/wp-content\\\/uploads\\\/2020\\\/03\\\/Originale.png\",\"contentUrl\":\"https:\\\/\\\/maison-aubert.fr\\\/wp-content\\\/uploads\\\/2020\\\/03\\\/Originale.png\",\"width\":1000,\"height\":1000},{\"@type\":\"BreadcrumbList\",\"@id\":\"https:\\\/\\\/maison-aubert.fr\\\/produit\\\/limonade-loriginale\\\/#breadcrumb\",\"itemListElement\":[{\"@type\":\"ListItem\",\"position\":1,\"name\":\"Accueil\",\"item\":\"https:\\\/\\\/maison-aubert.fr\\\/\"},{\"@type\":\"ListItem\",\"position\":2,\"name\":\"Boutique\",\"item\":\"https:\\\/\\\/maison-aubert.fr\\\/boutique\\\/\"},{\"@type\":\"ListItem\",\"position\":3,\"name\":\"Limonade l&rsquo;Originale\"}]},{\"@type\":\"WebSite\",\"@id\":\"https:\\\/\\\/maison-aubert.fr\\\/#website\",\"url\":\"https:\\\/\\\/maison-aubert.fr\\\/\",\"name\":\"Maison Aubert - Limonade artisanale en Occitanie\",\"description\":\"Limonade artisanale en Occitanie - Maison Aubert, Ce que le Sud a de + frais\",\"publisher\":{\"@id\":\"https:\\\/\\\/maison-aubert.fr\\\/#organization\"},\"potentialAction\":[{\"@type\":\"SearchAction\",\"target\":{\"@type\":\"EntryPoint\",\"urlTemplate\":\"https:\\\/\\\/maison-aubert.fr\\\/?s={search_term_string}\"},\"query-input\":{\"@type\":\"PropertyValueSpecification\",\"valueRequired\":true,\"valueName\":\"search_term_string\"}}],\"inLanguage\":\"en-GB\"},{\"@type\":\"Organization\",\"@id\":\"https:\\\/\\\/maison-aubert.fr\\\/#organization\",\"name\":\"Maison Aubert\",\"url\":\"https:\\\/\\\/maison-aubert.fr\\\/\",\"logo\":{\"@type\":\"ImageObject\",\"inLanguage\":\"en-GB\",\"@id\":\"https:\\\/\\\/maison-aubert.fr\\\/#\\\/schema\\\/logo\\\/image\\\/\",\"url\":\"https:\\\/\\\/maison-aubert.fr\\\/wp-content\\\/uploads\\\/2023\\\/12\\\/Logo-150-x-150.svg\",\"contentUrl\":\"https:\\\/\\\/maison-aubert.fr\\\/wp-content\\\/uploads\\\/2023\\\/12\\\/Logo-150-x-150.svg\",\"width\":150,\"height\":150,\"caption\":\"Maison Aubert\"},\"image\":{\"@id\":\"https:\\\/\\\/maison-aubert.fr\\\/#\\\/schema\\\/logo\\\/image\\\/\"},\"sameAs\":[\"https:\\\/\\\/www.facebook.com\\\/maison.aubert.limonades\",\"https:\\\/\\\/www.instagram.com\\\/maison.aubert\\\/\",\"https:\\\/\\\/www.linkedin.com\\\/company\\\/26254573\\\/\"]}]}<\/script>\n<!-- \/ Yoast SEO plugin. -->","yoast_head_json":{"title":"Original Lemonade - Maison Aubert","robots":{"index":"index","follow":"follow","max-snippet":"max-snippet:-1","max-image-preview":"max-image-preview:large","max-video-preview":"max-video-preview:-1"},"canonical":"https:\/\/maison-aubert.fr\/en_en\/product\/limonade-loriginale\/","og_locale":"en_GB","og_type":"article","og_title":"Limonade l'Originale - Maison Aubert","og_description":"Limonade l'Originale - Biologique &amp; artisanale  Pour \u00eatre \u00e9ligible \u00e0 la l\u2019exp\u00e9dition FRANCE et EUROPE* par Mondial Relay, votre panier doit comporter des multiples de 6 bouteilles en 33 cl et en 75 cl.  * Allemagne, Autriche, Belgique, Espagne, Italie, Luxembourg, Pays-bas, Portugal, Royaume-Uni (UK)","og_url":"https:\/\/maison-aubert.fr\/en_en\/product\/limonade-loriginale\/","og_site_name":"Maison Aubert","article_publisher":"https:\/\/www.facebook.com\/maison.aubert.limonades","article_modified_time":"2026-03-17T20:24:47+00:00","og_image":[{"width":1000,"height":1000,"url":"https:\/\/maison-aubert.fr\/wp-content\/uploads\/2020\/03\/Originale.png","type":"image\/png"}],"twitter_card":"summary_large_image","twitter_misc":{"Estimated reading time":"1 minute"},"schema":{"@context":"https:\/\/schema.org","@graph":[{"@type":"WebPage","@id":"https:\/\/maison-aubert.fr\/produit\/limonade-loriginale\/","url":"https:\/\/maison-aubert.fr\/produit\/limonade-loriginale\/","name":"Original Lemonade - Maison Aubert","isPartOf":{"@id":"https:\/\/maison-aubert.fr\/#website"},"primaryImageOfPage":{"@id":"https:\/\/maison-aubert.fr\/produit\/limonade-loriginale\/#primaryimage"},"image":{"@id":"https:\/\/maison-aubert.fr\/produit\/limonade-loriginale\/#primaryimage"},"thumbnailUrl":"https:\/\/maison-aubert.fr\/wp-content\/uploads\/2020\/03\/Originale.png","datePublished":"2020-03-22T01:14:38+00:00","dateModified":"2026-03-17T20:24:47+00:00","breadcrumb":{"@id":"https:\/\/maison-aubert.fr\/produit\/limonade-loriginale\/#breadcrumb"},"inLanguage":"en-GB","potentialAction":[{"@type":"ReadAction","target":["https:\/\/maison-aubert.fr\/produit\/limonade-loriginale\/"]}]},{"@type":"ImageObject","inLanguage":"en-GB","@id":"https:\/\/maison-aubert.fr\/produit\/limonade-loriginale\/#primaryimage","url":"https:\/\/maison-aubert.fr\/wp-content\/uploads\/2020\/03\/Originale.png","contentUrl":"https:\/\/maison-aubert.fr\/wp-content\/uploads\/2020\/03\/Originale.png","width":1000,"height":1000},{"@type":"BreadcrumbList","@id":"https:\/\/maison-aubert.fr\/produit\/limonade-loriginale\/#breadcrumb","itemListElement":[{"@type":"ListItem","position":1,"name":"Accueil","item":"https:\/\/maison-aubert.fr\/"},{"@type":"ListItem","position":2,"name":"Boutique","item":"https:\/\/maison-aubert.fr\/boutique\/"},{"@type":"ListItem","position":3,"name":"Limonade l&rsquo;Originale"}]},{"@type":"WebSite","@id":"https:\/\/maison-aubert.fr\/#website","url":"https:\/\/maison-aubert.fr\/","name":"Maison Aubert - Artisanal lemonade in Occitania","description":"Artisanal lemonade in Occitanie - Maison Aubert, What&#039;s fresher in the South","publisher":{"@id":"https:\/\/maison-aubert.fr\/#organization"},"potentialAction":[{"@type":"SearchAction","target":{"@type":"EntryPoint","urlTemplate":"https:\/\/maison-aubert.fr\/?s={search_term_string}"},"query-input":{"@type":"PropertyValueSpecification","valueRequired":true,"valueName":"search_term_string"}}],"inLanguage":"en-GB"},{"@type":"Organization","@id":"https:\/\/maison-aubert.fr\/#organization","name":"Maison Aubert","url":"https:\/\/maison-aubert.fr\/","logo":{"@type":"ImageObject","inLanguage":"en-GB","@id":"https:\/\/maison-aubert.fr\/#\/schema\/logo\/image\/","url":"https:\/\/maison-aubert.fr\/wp-content\/uploads\/2023\/12\/Logo-150-x-150.svg","contentUrl":"https:\/\/maison-aubert.fr\/wp-content\/uploads\/2023\/12\/Logo-150-x-150.svg","width":150,"height":150,"caption":"Maison Aubert"},"image":{"@id":"https:\/\/maison-aubert.fr\/#\/schema\/logo\/image\/"},"sameAs":["https:\/\/www.facebook.com\/maison.aubert.limonades","https:\/\/www.instagram.com\/maison.aubert\/","https:\/\/www.linkedin.com\/company\/26254573\/"]}]}},"jetpack_sharing_enabled":true,"_links":{"self":[{"href":"https:\/\/maison-aubert.fr\/en_en\/wp-json\/wp\/v2\/product\/57","targetHints":{"allow":["GET"]}}],"collection":[{"href":"https:\/\/maison-aubert.fr\/en_en\/wp-json\/wp\/v2\/product"}],"about":[{"href":"https:\/\/maison-aubert.fr\/en_en\/wp-json\/wp\/v2\/types\/product"}],"replies":[{"embeddable":true,"href":"https:\/\/maison-aubert.fr\/en_en\/wp-json\/wp\/v2\/comments?post=57"}],"wp:featuredmedia":[{"embeddable":true,"href":"https:\/\/maison-aubert.fr\/en_en\/wp-json\/wp\/v2\/media\/70"}],"wp:attachment":[{"href":"https:\/\/maison-aubert.fr\/en_en\/wp-json\/wp\/v2\/media?parent=57"}],"wp:term":[{"taxonomy":"product_brand","embeddable":true,"href":"https:\/\/maison-aubert.fr\/en_en\/wp-json\/wp\/v2\/product_brand?post=57"},{"taxonomy":"product_cat","embeddable":true,"href":"https:\/\/maison-aubert.fr\/en_en\/wp-json\/wp\/v2\/product_cat?post=57"},{"taxonomy":"product_tag","embeddable":true,"href":"https:\/\/maison-aubert.fr\/en_en\/wp-json\/wp\/v2\/product_tag?post=57"}],"curies":[{"name":"wp","href":"https:\/\/api.w.org\/{rel}","templated":true}]}}