{"id":2507,"date":"2026-04-30T11:56:05","date_gmt":"2026-04-30T09:56:05","guid":{"rendered":"https:\/\/maison-aubert.fr\/?post_type=product&#038;p=2507"},"modified":"2026-04-30T12:42:38","modified_gmt":"2026-04-30T10:42:38","slug":"orange-gingembre-la-trouble","status":"publish","type":"product","link":"https:\/\/maison-aubert.fr\/en_en\/product\/orange-gingembre-la-trouble\/","title":{"rendered":"Orange &amp; Ginger \u2013 The Trouble"},"content":{"rendered":"<p data-start=\"316\" data-end=\"342\"><strong data-start=\"316\" data-end=\"342\">TARTUFFE \u2014 L\u2019Imposteur<\/strong><\/p>\n<p data-start=\"344\" data-end=\"429\">Une douceur d\u2019orange qui rassure\u2026 puis le gingembre s\u2019invite, plus vif, plus profond.<\/p>\n<p data-start=\"431\" data-end=\"543\">Comme Tartuffe, elle avance masqu\u00e9e :<br data-start=\"468\" data-end=\"471\" \/>d\u2019abord ronde et lumineuse, puis subtilement \u00e9pic\u00e9e, presque d\u00e9routante.<\/p>\n<p data-start=\"545\" data-end=\"641\">Un jeu d\u2019\u00e9quilibre entre chaleur et fra\u00eecheur,<br data-start=\"591\" data-end=\"594\" \/>o\u00f9 le caract\u00e8re se r\u00e9v\u00e8le sans jamais brusquer.<\/p>\n<p data-start=\"729\" data-end=\"792\"><strong data-start=\"729\" data-end=\"792\">Chaque recette a son personnage\u2026 d\u00e9couvrez toute la troupe.<\/strong><\/p>\n<p>Organic &amp; artisanal<\/p>\n<p>A partir d&rsquo;eau gaz\u00e9ifi\u00e9e, jus d&rsquo;orange*, sucre fran\u00e7ais*, infusion de gingembre*, extraits naturels d&rsquo;orange*, de citron*, et de mandarine*, acidifiant : acide citrique.<\/p>\n<p>* Ingr\u00e9dients issus de l&rsquo;agriculture biologique<\/p>\n<p><span class=\"fontstyle0\">Teneur en glucides 7,2 g \/ 100 mL<\/span><\/p>\n<p><img decoding=\"async\" class=\"alignnone size-full wp-image-34\" src=\"https:\/\/boutique.maison-aubert.fr\/wp-content\/uploads\/2020\/03\/Logos.png\" alt=\"\" width=\"248\" height=\"100\" \/><\/p>","protected":false},"excerpt":{"rendered":"<p><strong>Limonade bio &amp; artisanale<\/strong><\/p>\n<p>Une puissance cach\u00e9e, sous une douceur trompeuse.<\/p>\n<p><span style=\"color: #ff0000;\"><em>Pour \u00eatre \u00e9ligible \u00e0 la l\u2019exp\u00e9dition FRANCE et EUROPE* par Colis, votre panier doit comporter des multiples de 6 bouteilles en 33 cl et en 75 cl.<\/em><\/span><\/p>\n<p>* Germany, Austria, Belgium, Spain, Italy, Luxembourg, Netherlands, Portugal, United Kingdom (UK)<\/p>","protected":false},"featured_media":0,"comment_status":"open","ping_status":"closed","template":"","meta":{"inline_featured_image":false,"cybocfi_hide_featured_image":""},"product_brand":[],"product_cat":[16,46,36,17],"product_tag":[],"class_list":{"0":"post-2507","1":"product","2":"type-product","3":"status-publish","5":"product_cat-boissons","6":"product_cat-bouteilles","7":"product_cat-expediable-france-et-europe","8":"product_cat-limonades","10":"first","11":"instock","12":"taxable","13":"shipping-taxable","14":"purchasable","15":"product-type-variable"},"yoast_head":"<!-- This site is optimized with the Yoast SEO plugin v27.4 - https:\/\/yoast.com\/product\/yoast-seo-wordpress\/ -->\n<title>Orange &amp; Gingembre - La Trouble - Maison Aubert<\/title>\n<meta name=\"robots\" content=\"index, follow, max-snippet:-1, max-image-preview:large, max-video-preview:-1\" \/>\n<link rel=\"canonical\" href=\"https:\/\/maison-aubert.fr\/en_en\/product\/orange-gingembre-la-trouble\/\" \/>\n<meta property=\"og:locale\" content=\"en_GB\" \/>\n<meta property=\"og:type\" content=\"article\" \/>\n<meta property=\"og:title\" content=\"Orange &amp; Gingembre - La Trouble - Maison Aubert\" \/>\n<meta property=\"og:description\" content=\"Limonade bio &amp; artisanale  Une puissance cach\u00e9e, sous une douceur trompeuse.  Pour \u00eatre \u00e9ligible \u00e0 la l\u2019exp\u00e9dition FRANCE et EUROPE* par Colis, votre panier doit comporter des multiples de 6 bouteilles en 33 cl et en 75 cl.  * Allemagne, Autriche, Belgique, Espagne, Italie, Luxembourg, Pays-bas, Portugal, Royaume-Uni (UK)\" \/>\n<meta property=\"og:url\" content=\"https:\/\/maison-aubert.fr\/en_en\/product\/orange-gingembre-la-trouble\/\" \/>\n<meta property=\"og:site_name\" content=\"Maison Aubert\" \/>\n<meta property=\"article:publisher\" content=\"https:\/\/www.facebook.com\/maison.aubert.limonades\" \/>\n<meta property=\"article:modified_time\" content=\"2026-04-30T10:42:38+00:00\" \/>\n<meta property=\"og:image\" content=\"https:\/\/maison-aubert.fr\/wp-content\/uploads\/2020\/03\/Logos.png\" \/>\n\t<meta property=\"og:image:width\" content=\"248\" \/>\n\t<meta property=\"og:image:height\" content=\"100\" \/>\n\t<meta property=\"og:image:type\" content=\"image\/png\" \/>\n<meta name=\"twitter:card\" content=\"summary_large_image\" \/>\n<meta name=\"twitter:label1\" content=\"Estimated reading time\" \/>\n\t<meta name=\"twitter:data1\" content=\"1 minute\" \/>\n<script type=\"application\/ld+json\" class=\"yoast-schema-graph\">{\"@context\":\"https:\\\/\\\/schema.org\",\"@graph\":[{\"@type\":\"WebPage\",\"@id\":\"https:\\\/\\\/maison-aubert.fr\\\/produit\\\/orange-gingembre-la-trouble\\\/\",\"url\":\"https:\\\/\\\/maison-aubert.fr\\\/produit\\\/orange-gingembre-la-trouble\\\/\",\"name\":\"Orange & Gingembre - La Trouble - Maison Aubert\",\"isPartOf\":{\"@id\":\"https:\\\/\\\/maison-aubert.fr\\\/#website\"},\"primaryImageOfPage\":{\"@id\":\"https:\\\/\\\/maison-aubert.fr\\\/produit\\\/orange-gingembre-la-trouble\\\/#primaryimage\"},\"image\":{\"@id\":\"https:\\\/\\\/maison-aubert.fr\\\/produit\\\/orange-gingembre-la-trouble\\\/#primaryimage\"},\"thumbnailUrl\":\"https:\\\/\\\/boutique.maison-aubert.fr\\\/wp-content\\\/uploads\\\/2020\\\/03\\\/Logos.png\",\"datePublished\":\"2026-04-30T09:56:05+00:00\",\"dateModified\":\"2026-04-30T10:42:38+00:00\",\"breadcrumb\":{\"@id\":\"https:\\\/\\\/maison-aubert.fr\\\/produit\\\/orange-gingembre-la-trouble\\\/#breadcrumb\"},\"inLanguage\":\"en-GB\",\"potentialAction\":[{\"@type\":\"ReadAction\",\"target\":[\"https:\\\/\\\/maison-aubert.fr\\\/produit\\\/orange-gingembre-la-trouble\\\/\"]}]},{\"@type\":\"ImageObject\",\"inLanguage\":\"en-GB\",\"@id\":\"https:\\\/\\\/maison-aubert.fr\\\/produit\\\/orange-gingembre-la-trouble\\\/#primaryimage\",\"url\":\"https:\\\/\\\/boutique.maison-aubert.fr\\\/wp-content\\\/uploads\\\/2020\\\/03\\\/Logos.png\",\"contentUrl\":\"https:\\\/\\\/boutique.maison-aubert.fr\\\/wp-content\\\/uploads\\\/2020\\\/03\\\/Logos.png\"},{\"@type\":\"BreadcrumbList\",\"@id\":\"https:\\\/\\\/maison-aubert.fr\\\/produit\\\/orange-gingembre-la-trouble\\\/#breadcrumb\",\"itemListElement\":[{\"@type\":\"ListItem\",\"position\":1,\"name\":\"Accueil\",\"item\":\"https:\\\/\\\/maison-aubert.fr\\\/\"},{\"@type\":\"ListItem\",\"position\":2,\"name\":\"Boutique\",\"item\":\"https:\\\/\\\/maison-aubert.fr\\\/boutique\\\/\"},{\"@type\":\"ListItem\",\"position\":3,\"name\":\"Orange &#038; Gingembre &#8211; La Trouble\"}]},{\"@type\":\"WebSite\",\"@id\":\"https:\\\/\\\/maison-aubert.fr\\\/#website\",\"url\":\"https:\\\/\\\/maison-aubert.fr\\\/\",\"name\":\"Maison Aubert - Limonade artisanale en Occitanie\",\"description\":\"Limonade artisanale en Occitanie - Maison Aubert, Ce que le Sud a de + frais\",\"publisher\":{\"@id\":\"https:\\\/\\\/maison-aubert.fr\\\/#organization\"},\"potentialAction\":[{\"@type\":\"SearchAction\",\"target\":{\"@type\":\"EntryPoint\",\"urlTemplate\":\"https:\\\/\\\/maison-aubert.fr\\\/?s={search_term_string}\"},\"query-input\":{\"@type\":\"PropertyValueSpecification\",\"valueRequired\":true,\"valueName\":\"search_term_string\"}}],\"inLanguage\":\"en-GB\"},{\"@type\":\"Organization\",\"@id\":\"https:\\\/\\\/maison-aubert.fr\\\/#organization\",\"name\":\"Maison Aubert\",\"url\":\"https:\\\/\\\/maison-aubert.fr\\\/\",\"logo\":{\"@type\":\"ImageObject\",\"inLanguage\":\"en-GB\",\"@id\":\"https:\\\/\\\/maison-aubert.fr\\\/#\\\/schema\\\/logo\\\/image\\\/\",\"url\":\"https:\\\/\\\/maison-aubert.fr\\\/wp-content\\\/uploads\\\/2023\\\/12\\\/Logo-150-x-150.svg\",\"contentUrl\":\"https:\\\/\\\/maison-aubert.fr\\\/wp-content\\\/uploads\\\/2023\\\/12\\\/Logo-150-x-150.svg\",\"width\":150,\"height\":150,\"caption\":\"Maison Aubert\"},\"image\":{\"@id\":\"https:\\\/\\\/maison-aubert.fr\\\/#\\\/schema\\\/logo\\\/image\\\/\"},\"sameAs\":[\"https:\\\/\\\/www.facebook.com\\\/maison.aubert.limonades\",\"https:\\\/\\\/www.instagram.com\\\/maison.aubert\\\/\",\"https:\\\/\\\/www.linkedin.com\\\/company\\\/26254573\\\/\"]}]}<\/script>\n<!-- \/ Yoast SEO plugin. -->","yoast_head_json":{"title":"Orange & Gingembre - La Trouble - Maison Aubert","robots":{"index":"index","follow":"follow","max-snippet":"max-snippet:-1","max-image-preview":"max-image-preview:large","max-video-preview":"max-video-preview:-1"},"canonical":"https:\/\/maison-aubert.fr\/en_en\/product\/orange-gingembre-la-trouble\/","og_locale":"en_GB","og_type":"article","og_title":"Orange & Gingembre - La Trouble - Maison Aubert","og_description":"Limonade bio &amp; artisanale  Une puissance cach\u00e9e, sous une douceur trompeuse.  Pour \u00eatre \u00e9ligible \u00e0 la l\u2019exp\u00e9dition FRANCE et EUROPE* par Colis, votre panier doit comporter des multiples de 6 bouteilles en 33 cl et en 75 cl.  * Allemagne, Autriche, Belgique, Espagne, Italie, Luxembourg, Pays-bas, Portugal, Royaume-Uni (UK)","og_url":"https:\/\/maison-aubert.fr\/en_en\/product\/orange-gingembre-la-trouble\/","og_site_name":"Maison Aubert","article_publisher":"https:\/\/www.facebook.com\/maison.aubert.limonades","article_modified_time":"2026-04-30T10:42:38+00:00","og_image":[{"width":248,"height":100,"url":"https:\/\/maison-aubert.fr\/wp-content\/uploads\/2020\/03\/Logos.png","type":"image\/png"}],"twitter_card":"summary_large_image","twitter_misc":{"Estimated reading time":"1 minute"},"schema":{"@context":"https:\/\/schema.org","@graph":[{"@type":"WebPage","@id":"https:\/\/maison-aubert.fr\/produit\/orange-gingembre-la-trouble\/","url":"https:\/\/maison-aubert.fr\/produit\/orange-gingembre-la-trouble\/","name":"Orange & Gingembre - La Trouble - Maison Aubert","isPartOf":{"@id":"https:\/\/maison-aubert.fr\/#website"},"primaryImageOfPage":{"@id":"https:\/\/maison-aubert.fr\/produit\/orange-gingembre-la-trouble\/#primaryimage"},"image":{"@id":"https:\/\/maison-aubert.fr\/produit\/orange-gingembre-la-trouble\/#primaryimage"},"thumbnailUrl":"https:\/\/boutique.maison-aubert.fr\/wp-content\/uploads\/2020\/03\/Logos.png","datePublished":"2026-04-30T09:56:05+00:00","dateModified":"2026-04-30T10:42:38+00:00","breadcrumb":{"@id":"https:\/\/maison-aubert.fr\/produit\/orange-gingembre-la-trouble\/#breadcrumb"},"inLanguage":"en-GB","potentialAction":[{"@type":"ReadAction","target":["https:\/\/maison-aubert.fr\/produit\/orange-gingembre-la-trouble\/"]}]},{"@type":"ImageObject","inLanguage":"en-GB","@id":"https:\/\/maison-aubert.fr\/produit\/orange-gingembre-la-trouble\/#primaryimage","url":"https:\/\/boutique.maison-aubert.fr\/wp-content\/uploads\/2020\/03\/Logos.png","contentUrl":"https:\/\/boutique.maison-aubert.fr\/wp-content\/uploads\/2020\/03\/Logos.png"},{"@type":"BreadcrumbList","@id":"https:\/\/maison-aubert.fr\/produit\/orange-gingembre-la-trouble\/#breadcrumb","itemListElement":[{"@type":"ListItem","position":1,"name":"Accueil","item":"https:\/\/maison-aubert.fr\/"},{"@type":"ListItem","position":2,"name":"Boutique","item":"https:\/\/maison-aubert.fr\/boutique\/"},{"@type":"ListItem","position":3,"name":"Orange &#038; Gingembre &#8211; La Trouble"}]},{"@type":"WebSite","@id":"https:\/\/maison-aubert.fr\/#website","url":"https:\/\/maison-aubert.fr\/","name":"Maison Aubert - Artisanal lemonade in Occitania","description":"Artisanal lemonade in Occitanie - Maison Aubert, What&#039;s fresher in the South","publisher":{"@id":"https:\/\/maison-aubert.fr\/#organization"},"potentialAction":[{"@type":"SearchAction","target":{"@type":"EntryPoint","urlTemplate":"https:\/\/maison-aubert.fr\/?s={search_term_string}"},"query-input":{"@type":"PropertyValueSpecification","valueRequired":true,"valueName":"search_term_string"}}],"inLanguage":"en-GB"},{"@type":"Organization","@id":"https:\/\/maison-aubert.fr\/#organization","name":"Maison Aubert","url":"https:\/\/maison-aubert.fr\/","logo":{"@type":"ImageObject","inLanguage":"en-GB","@id":"https:\/\/maison-aubert.fr\/#\/schema\/logo\/image\/","url":"https:\/\/maison-aubert.fr\/wp-content\/uploads\/2023\/12\/Logo-150-x-150.svg","contentUrl":"https:\/\/maison-aubert.fr\/wp-content\/uploads\/2023\/12\/Logo-150-x-150.svg","width":150,"height":150,"caption":"Maison Aubert"},"image":{"@id":"https:\/\/maison-aubert.fr\/#\/schema\/logo\/image\/"},"sameAs":["https:\/\/www.facebook.com\/maison.aubert.limonades","https:\/\/www.instagram.com\/maison.aubert\/","https:\/\/www.linkedin.com\/company\/26254573\/"]}]}},"jetpack_sharing_enabled":true,"_links":{"self":[{"href":"https:\/\/maison-aubert.fr\/en_en\/wp-json\/wp\/v2\/product\/2507","targetHints":{"allow":["GET"]}}],"collection":[{"href":"https:\/\/maison-aubert.fr\/en_en\/wp-json\/wp\/v2\/product"}],"about":[{"href":"https:\/\/maison-aubert.fr\/en_en\/wp-json\/wp\/v2\/types\/product"}],"replies":[{"embeddable":true,"href":"https:\/\/maison-aubert.fr\/en_en\/wp-json\/wp\/v2\/comments?post=2507"}],"wp:attachment":[{"href":"https:\/\/maison-aubert.fr\/en_en\/wp-json\/wp\/v2\/media?parent=2507"}],"wp:term":[{"taxonomy":"product_brand","embeddable":true,"href":"https:\/\/maison-aubert.fr\/en_en\/wp-json\/wp\/v2\/product_brand?post=2507"},{"taxonomy":"product_cat","embeddable":true,"href":"https:\/\/maison-aubert.fr\/en_en\/wp-json\/wp\/v2\/product_cat?post=2507"},{"taxonomy":"product_tag","embeddable":true,"href":"https:\/\/maison-aubert.fr\/en_en\/wp-json\/wp\/v2\/product_tag?post=2507"}],"curies":[{"name":"wp","href":"https:\/\/api.w.org\/{rel}","templated":true}]}}