{"id":1308,"date":"2024-01-18T20:01:48","date_gmt":"2024-01-18T19:01:48","guid":{"rendered":"https:\/\/maison-aubert.fr\/?post_type=product&#038;p=1308"},"modified":"2026-03-27T15:00:51","modified_gmt":"2026-03-27T14:00:51","slug":"fut-limonade-originale-30-l","status":"publish","type":"product","link":"https:\/\/maison-aubert.fr\/en_en\/product\/fut-limonade-originale-30-l\/","title":{"rendered":"Organic Original artisanal lemonade barrel 30 L"},"content":{"rendered":"<p>Barrel of organic artisanal lemonade l&#039;Originale for pressure tap<\/p>\n<p>Flat head stainless steel barrel (type A)<\/p>\n<p>30L<\/p>\n<p>A deposit (recoverable when the barrel is returned) of \u20ac36 including tax will be added to the basket<\/p>\n<p>Possibility of renting a printer for your event<\/p>","protected":false},"excerpt":{"rendered":"<p>Barrel of organic artisanal lemonade the Original for pressure tap Stainless steel barrel flat head (type A) 30L A deposit (recoverable at\u2026<\/p>","protected":false},"featured_media":1309,"comment_status":"open","ping_status":"closed","template":"","meta":{"inline_featured_image":false,"cybocfi_hide_featured_image":""},"product_brand":[],"product_cat":[16,45],"product_tag":[],"class_list":{"0":"post-1308","1":"product","2":"type-product","3":"status-publish","4":"has-post-thumbnail","6":"product_cat-boissons","7":"product_cat-futs","9":"first","10":"instock","11":"purchasable","12":"product-type-simple"},"yoast_head":"<!-- This site is optimized with the Yoast SEO plugin v27.5 - https:\/\/yoast.com\/product\/yoast-seo-wordpress\/ -->\n<title>F\u00fbt limonade artisanale Bio Originale 30 L - Maison Aubert<\/title>\n<meta name=\"robots\" content=\"index, follow, max-snippet:-1, max-image-preview:large, max-video-preview:-1\" \/>\n<link rel=\"canonical\" href=\"https:\/\/maison-aubert.fr\/en_en\/product\/fut-limonade-originale-30-l\/\" \/>\n<meta property=\"og:locale\" content=\"en_GB\" \/>\n<meta property=\"og:type\" content=\"article\" \/>\n<meta property=\"og:title\" content=\"F\u00fbt limonade artisanale Bio Originale 30 L - Maison Aubert\" \/>\n<meta property=\"og:description\" content=\"F\u00fbt de limonade artisanale bio l&rsquo;Originale pour tireuse pression F\u00fbt inox t\u00eate plate (type A) 30L Une consigne (r\u00e9cup\u00e9rable \u00e0...\" \/>\n<meta property=\"og:url\" content=\"https:\/\/maison-aubert.fr\/en_en\/product\/fut-limonade-originale-30-l\/\" \/>\n<meta property=\"og:site_name\" content=\"Maison Aubert\" \/>\n<meta property=\"article:publisher\" content=\"https:\/\/www.facebook.com\/maison.aubert.limonades\" \/>\n<meta property=\"article:modified_time\" content=\"2026-03-27T14:00:51+00:00\" \/>\n<meta property=\"og:image\" content=\"https:\/\/maison-aubert.fr\/wp-content\/uploads\/2024\/01\/fut-30L.png\" \/>\n\t<meta property=\"og:image:width\" content=\"200\" \/>\n\t<meta property=\"og:image:height\" content=\"198\" \/>\n\t<meta property=\"og:image:type\" content=\"image\/png\" \/>\n<meta name=\"twitter:card\" content=\"summary_large_image\" \/>\n<meta name=\"twitter:label1\" content=\"Estimated reading time\" \/>\n\t<meta name=\"twitter:data1\" content=\"1 minute\" \/>\n<script type=\"application\/ld+json\" class=\"yoast-schema-graph\">{\"@context\":\"https:\\\/\\\/schema.org\",\"@graph\":[{\"@type\":\"WebPage\",\"@id\":\"https:\\\/\\\/maison-aubert.fr\\\/produit\\\/fut-limonade-originale-30-l\\\/\",\"url\":\"https:\\\/\\\/maison-aubert.fr\\\/produit\\\/fut-limonade-originale-30-l\\\/\",\"name\":\"F\u00fbt limonade artisanale Bio Originale 30 L - Maison Aubert\",\"isPartOf\":{\"@id\":\"https:\\\/\\\/maison-aubert.fr\\\/#website\"},\"primaryImageOfPage\":{\"@id\":\"https:\\\/\\\/maison-aubert.fr\\\/produit\\\/fut-limonade-originale-30-l\\\/#primaryimage\"},\"image\":{\"@id\":\"https:\\\/\\\/maison-aubert.fr\\\/produit\\\/fut-limonade-originale-30-l\\\/#primaryimage\"},\"thumbnailUrl\":\"https:\\\/\\\/maison-aubert.fr\\\/wp-content\\\/uploads\\\/2024\\\/01\\\/fut-30L.png\",\"datePublished\":\"2024-01-18T19:01:48+00:00\",\"dateModified\":\"2026-03-27T14:00:51+00:00\",\"breadcrumb\":{\"@id\":\"https:\\\/\\\/maison-aubert.fr\\\/produit\\\/fut-limonade-originale-30-l\\\/#breadcrumb\"},\"inLanguage\":\"en-GB\",\"potentialAction\":[{\"@type\":\"ReadAction\",\"target\":[\"https:\\\/\\\/maison-aubert.fr\\\/produit\\\/fut-limonade-originale-30-l\\\/\"]}]},{\"@type\":\"ImageObject\",\"inLanguage\":\"en-GB\",\"@id\":\"https:\\\/\\\/maison-aubert.fr\\\/produit\\\/fut-limonade-originale-30-l\\\/#primaryimage\",\"url\":\"https:\\\/\\\/maison-aubert.fr\\\/wp-content\\\/uploads\\\/2024\\\/01\\\/fut-30L.png\",\"contentUrl\":\"https:\\\/\\\/maison-aubert.fr\\\/wp-content\\\/uploads\\\/2024\\\/01\\\/fut-30L.png\",\"width\":200,\"height\":198},{\"@type\":\"BreadcrumbList\",\"@id\":\"https:\\\/\\\/maison-aubert.fr\\\/produit\\\/fut-limonade-originale-30-l\\\/#breadcrumb\",\"itemListElement\":[{\"@type\":\"ListItem\",\"position\":1,\"name\":\"Accueil\",\"item\":\"https:\\\/\\\/maison-aubert.fr\\\/\"},{\"@type\":\"ListItem\",\"position\":2,\"name\":\"Boutique\",\"item\":\"https:\\\/\\\/maison-aubert.fr\\\/boutique\\\/\"},{\"@type\":\"ListItem\",\"position\":3,\"name\":\"F\u00fbt limonade artisanale Bio Originale 30 L\"}]},{\"@type\":\"WebSite\",\"@id\":\"https:\\\/\\\/maison-aubert.fr\\\/#website\",\"url\":\"https:\\\/\\\/maison-aubert.fr\\\/\",\"name\":\"Maison Aubert - Limonade artisanale en Occitanie\",\"description\":\"Limonade artisanale en Occitanie - Maison Aubert, Ce que le Sud a de + frais\",\"publisher\":{\"@id\":\"https:\\\/\\\/maison-aubert.fr\\\/#organization\"},\"potentialAction\":[{\"@type\":\"SearchAction\",\"target\":{\"@type\":\"EntryPoint\",\"urlTemplate\":\"https:\\\/\\\/maison-aubert.fr\\\/?s={search_term_string}\"},\"query-input\":{\"@type\":\"PropertyValueSpecification\",\"valueRequired\":true,\"valueName\":\"search_term_string\"}}],\"inLanguage\":\"en-GB\"},{\"@type\":\"Organization\",\"@id\":\"https:\\\/\\\/maison-aubert.fr\\\/#organization\",\"name\":\"Maison Aubert\",\"url\":\"https:\\\/\\\/maison-aubert.fr\\\/\",\"logo\":{\"@type\":\"ImageObject\",\"inLanguage\":\"en-GB\",\"@id\":\"https:\\\/\\\/maison-aubert.fr\\\/#\\\/schema\\\/logo\\\/image\\\/\",\"url\":\"https:\\\/\\\/maison-aubert.fr\\\/wp-content\\\/uploads\\\/2023\\\/12\\\/Logo-150-x-150.svg\",\"contentUrl\":\"https:\\\/\\\/maison-aubert.fr\\\/wp-content\\\/uploads\\\/2023\\\/12\\\/Logo-150-x-150.svg\",\"width\":150,\"height\":150,\"caption\":\"Maison Aubert\"},\"image\":{\"@id\":\"https:\\\/\\\/maison-aubert.fr\\\/#\\\/schema\\\/logo\\\/image\\\/\"},\"sameAs\":[\"https:\\\/\\\/www.facebook.com\\\/maison.aubert.limonades\",\"https:\\\/\\\/www.instagram.com\\\/maison.aubert\\\/\",\"https:\\\/\\\/www.linkedin.com\\\/company\\\/26254573\\\/\"]}]}<\/script>\n<!-- \/ Yoast SEO plugin. -->","yoast_head_json":{"title":"Original Organic Artisanal Lemonade Keg 30 L - Maison Aubert","robots":{"index":"index","follow":"follow","max-snippet":"max-snippet:-1","max-image-preview":"max-image-preview:large","max-video-preview":"max-video-preview:-1"},"canonical":"https:\/\/maison-aubert.fr\/en_en\/product\/fut-limonade-originale-30-l\/","og_locale":"en_GB","og_type":"article","og_title":"F\u00fbt limonade artisanale Bio Originale 30 L - Maison Aubert","og_description":"F\u00fbt de limonade artisanale bio l&rsquo;Originale pour tireuse pression F\u00fbt inox t\u00eate plate (type A) 30L Une consigne (r\u00e9cup\u00e9rable \u00e0...","og_url":"https:\/\/maison-aubert.fr\/en_en\/product\/fut-limonade-originale-30-l\/","og_site_name":"Maison Aubert","article_publisher":"https:\/\/www.facebook.com\/maison.aubert.limonades","article_modified_time":"2026-03-27T14:00:51+00:00","og_image":[{"width":200,"height":198,"url":"https:\/\/maison-aubert.fr\/wp-content\/uploads\/2024\/01\/fut-30L.png","type":"image\/png"}],"twitter_card":"summary_large_image","twitter_misc":{"Estimated reading time":"1 minute"},"schema":{"@context":"https:\/\/schema.org","@graph":[{"@type":"WebPage","@id":"https:\/\/maison-aubert.fr\/produit\/fut-limonade-originale-30-l\/","url":"https:\/\/maison-aubert.fr\/produit\/fut-limonade-originale-30-l\/","name":"Original Organic Artisanal Lemonade Keg 30 L - Maison Aubert","isPartOf":{"@id":"https:\/\/maison-aubert.fr\/#website"},"primaryImageOfPage":{"@id":"https:\/\/maison-aubert.fr\/produit\/fut-limonade-originale-30-l\/#primaryimage"},"image":{"@id":"https:\/\/maison-aubert.fr\/produit\/fut-limonade-originale-30-l\/#primaryimage"},"thumbnailUrl":"https:\/\/maison-aubert.fr\/wp-content\/uploads\/2024\/01\/fut-30L.png","datePublished":"2024-01-18T19:01:48+00:00","dateModified":"2026-03-27T14:00:51+00:00","breadcrumb":{"@id":"https:\/\/maison-aubert.fr\/produit\/fut-limonade-originale-30-l\/#breadcrumb"},"inLanguage":"en-GB","potentialAction":[{"@type":"ReadAction","target":["https:\/\/maison-aubert.fr\/produit\/fut-limonade-originale-30-l\/"]}]},{"@type":"ImageObject","inLanguage":"en-GB","@id":"https:\/\/maison-aubert.fr\/produit\/fut-limonade-originale-30-l\/#primaryimage","url":"https:\/\/maison-aubert.fr\/wp-content\/uploads\/2024\/01\/fut-30L.png","contentUrl":"https:\/\/maison-aubert.fr\/wp-content\/uploads\/2024\/01\/fut-30L.png","width":200,"height":198},{"@type":"BreadcrumbList","@id":"https:\/\/maison-aubert.fr\/produit\/fut-limonade-originale-30-l\/#breadcrumb","itemListElement":[{"@type":"ListItem","position":1,"name":"Accueil","item":"https:\/\/maison-aubert.fr\/"},{"@type":"ListItem","position":2,"name":"Boutique","item":"https:\/\/maison-aubert.fr\/boutique\/"},{"@type":"ListItem","position":3,"name":"F\u00fbt limonade artisanale Bio Originale 30 L"}]},{"@type":"WebSite","@id":"https:\/\/maison-aubert.fr\/#website","url":"https:\/\/maison-aubert.fr\/","name":"Maison Aubert - Artisanal lemonade in Occitania","description":"Artisanal lemonade in Occitanie - Maison Aubert, What&#039;s fresher in the South","publisher":{"@id":"https:\/\/maison-aubert.fr\/#organization"},"potentialAction":[{"@type":"SearchAction","target":{"@type":"EntryPoint","urlTemplate":"https:\/\/maison-aubert.fr\/?s={search_term_string}"},"query-input":{"@type":"PropertyValueSpecification","valueRequired":true,"valueName":"search_term_string"}}],"inLanguage":"en-GB"},{"@type":"Organization","@id":"https:\/\/maison-aubert.fr\/#organization","name":"Maison Aubert","url":"https:\/\/maison-aubert.fr\/","logo":{"@type":"ImageObject","inLanguage":"en-GB","@id":"https:\/\/maison-aubert.fr\/#\/schema\/logo\/image\/","url":"https:\/\/maison-aubert.fr\/wp-content\/uploads\/2023\/12\/Logo-150-x-150.svg","contentUrl":"https:\/\/maison-aubert.fr\/wp-content\/uploads\/2023\/12\/Logo-150-x-150.svg","width":150,"height":150,"caption":"Maison Aubert"},"image":{"@id":"https:\/\/maison-aubert.fr\/#\/schema\/logo\/image\/"},"sameAs":["https:\/\/www.facebook.com\/maison.aubert.limonades","https:\/\/www.instagram.com\/maison.aubert\/","https:\/\/www.linkedin.com\/company\/26254573\/"]}]}},"jetpack_sharing_enabled":true,"_links":{"self":[{"href":"https:\/\/maison-aubert.fr\/en_en\/wp-json\/wp\/v2\/product\/1308","targetHints":{"allow":["GET"]}}],"collection":[{"href":"https:\/\/maison-aubert.fr\/en_en\/wp-json\/wp\/v2\/product"}],"about":[{"href":"https:\/\/maison-aubert.fr\/en_en\/wp-json\/wp\/v2\/types\/product"}],"replies":[{"embeddable":true,"href":"https:\/\/maison-aubert.fr\/en_en\/wp-json\/wp\/v2\/comments?post=1308"}],"wp:featuredmedia":[{"embeddable":true,"href":"https:\/\/maison-aubert.fr\/en_en\/wp-json\/wp\/v2\/media\/1309"}],"wp:attachment":[{"href":"https:\/\/maison-aubert.fr\/en_en\/wp-json\/wp\/v2\/media?parent=1308"}],"wp:term":[{"taxonomy":"product_brand","embeddable":true,"href":"https:\/\/maison-aubert.fr\/en_en\/wp-json\/wp\/v2\/product_brand?post=1308"},{"taxonomy":"product_cat","embeddable":true,"href":"https:\/\/maison-aubert.fr\/en_en\/wp-json\/wp\/v2\/product_cat?post=1308"},{"taxonomy":"product_tag","embeddable":true,"href":"https:\/\/maison-aubert.fr\/en_en\/wp-json\/wp\/v2\/product_tag?post=1308"}],"curies":[{"name":"wp","href":"https:\/\/api.w.org\/{rel}","templated":true}]}}