{"id":1102,"date":"2023-12-26T16:56:35","date_gmt":"2023-12-26T15:56:35","guid":{"rendered":"https:\/\/boutique.maison-aubert.fr\/?page_id=1102"},"modified":"2023-12-28T21:17:22","modified_gmt":"2023-12-28T20:17:22","slug":"histoire","status":"publish","type":"page","link":"https:\/\/maison-aubert.fr\/en_en\/histoire\/","title":{"rendered":"History"},"content":{"rendered":"<div data-elementor-type=\"wp-page\" data-elementor-id=\"1102\" class=\"elementor elementor-1102\">\n\t\t\t\t<div class=\"elementor-element elementor-element-e250397 e-con-full e-flex e-con e-parent\" data-id=\"e250397\" data-element_type=\"container\" data-e-type=\"container\" data-settings=\"{&quot;background_background&quot;:&quot;classic&quot;}\">\n\t\t\t\t<div class=\"elementor-element elementor-element-f0a9a2c elementor-widget elementor-widget-spacer\" data-id=\"f0a9a2c\" data-element_type=\"widget\" data-e-type=\"widget\" data-widget_type=\"spacer.default\">\n\t\t\t\t<div class=\"elementor-widget-container\">\n\t\t\t\t\t\t\t<div class=\"elementor-spacer\">\n\t\t\t<div class=\"elementor-spacer-inner\"><\/div>\n\t\t<\/div>\n\t\t\t\t\t\t<\/div>\n\t\t\t\t<\/div>\n\t\t\t\t<div class=\"elementor-element elementor-element-cc0972a elementor-widget elementor-widget-heading\" data-id=\"cc0972a\" data-element_type=\"widget\" data-e-type=\"widget\" data-widget_type=\"heading.default\">\n\t\t\t\t<div class=\"elementor-widget-container\">\n\t\t\t\t\t<h1 class=\"elementor-heading-title elementor-size-default\">Our history<\/h1>\t\t\t\t<\/div>\n\t\t\t\t<\/div>\n\t\t\t\t<div class=\"elementor-element elementor-element-a0f2511 elementor-widget elementor-widget-spacer\" data-id=\"a0f2511\" data-element_type=\"widget\" data-e-type=\"widget\" data-widget_type=\"spacer.default\">\n\t\t\t\t<div class=\"elementor-widget-container\">\n\t\t\t\t\t\t\t<div class=\"elementor-spacer\">\n\t\t\t<div class=\"elementor-spacer-inner\"><\/div>\n\t\t<\/div>\n\t\t\t\t\t\t<\/div>\n\t\t\t\t<\/div>\n\t\t\t\t<\/div>\n\t\t<div class=\"elementor-element elementor-element-57b2b3a e-flex e-con-boxed e-con e-parent\" data-id=\"57b2b3a\" data-element_type=\"container\" data-e-type=\"container\">\n\t\t\t\t\t<div class=\"e-con-inner\">\n\t\t\t\t<div class=\"elementor-element elementor-element-9ac95e2 elementor-widget elementor-widget-heading\" data-id=\"9ac95e2\" data-element_type=\"widget\" data-e-type=\"widget\" data-widget_type=\"heading.default\">\n\t\t\t\t<div class=\"elementor-widget-container\">\n\t\t\t\t\t<h4 class=\"elementor-heading-title elementor-size-default\">Let yourself be seduced by the story of a lemonade born in 1876!<\/h4>\t\t\t\t<\/div>\n\t\t\t\t<\/div>\n\t\t\t\t<div class=\"elementor-element elementor-element-c8fda16 elementor-widget elementor-widget-text-editor\" data-id=\"c8fda16\" data-element_type=\"widget\" data-e-type=\"widget\" data-widget_type=\"text-editor.default\">\n\t\t\t\t<div class=\"elementor-widget-container\">\n\t\t\t\t\t\t\t\t\t<p>Jules Aubert, until then a preparer at Caf\u00e9 Riche in Montpellier, created Aubert lemonades in Lod\u00e8ve in 1876.<br \/>Having developed a recipe and an original manufacturing process, responding to the conservation issues of the time, Maison Aubert prospered and took up residence in 1882 in a private mansion in P\u00e9zenas: the H\u00f4tel d&#039;Alfonce.<br \/>The family will develop there for 4 generations, the lemonades produced by Jules Aubert being awarded prizes in numerous agricultural competitions.<\/p><p>In parallel with the production of soft drinks, the family also developed the distribution of drinks and the sale of ice cream cakes, which led, for logistical reasons and under the leadership of Jean Aubert, great-grandson of the founder, to leave the historic building in 1970 for more suitable premises. First in P\u00e9zenas, then in Agde in 1976 and finally Lod\u00e8ve in 1986.<\/p>\t\t\t\t\t\t\t\t<\/div>\n\t\t\t\t<\/div>\n\t\t<div class=\"elementor-element elementor-element-2173268 e-flex e-con-boxed e-con e-child\" data-id=\"2173268\" data-element_type=\"container\" data-e-type=\"container\">\n\t\t\t\t\t<div class=\"e-con-inner\">\n\t\t\t\t<div class=\"elementor-element elementor-element-9eaf742 elementor-widget__width-initial elementor-widget elementor-widget-image\" data-id=\"9eaf742\" data-element_type=\"widget\" data-e-type=\"widget\" data-widget_type=\"image.default\">\n\t\t\t\t<div class=\"elementor-widget-container\">\n\t\t\t\t\t\t\t\t\t\t\t\t<figure class=\"wp-caption\">\n\t\t\t\t\t\t\t\t\t\t<img fetchpriority=\"high\" decoding=\"async\" width=\"1024\" height=\"644\" src=\"https:\/\/maison-aubert.fr\/wp-content\/uploads\/2023\/12\/marcel-aubert-pose-avec-siphon.jpg\" class=\"attachment-large size-large wp-image-1107\" alt=\"\" \/>\t\t\t\t\t\t\t\t\t\t\t<figcaption class=\"widget-image-caption wp-caption-text\">Marcel Aubert (2nd generation) poses with his siphon<\/figcaption>\n\t\t\t\t\t\t\t\t\t\t<\/figure>\n\t\t\t\t\t\t\t\t\t<\/div>\n\t\t\t\t<\/div>\n\t\t\t\t<div class=\"elementor-element elementor-element-2c7c6d7 elementor-widget__width-initial elementor-widget elementor-widget-image\" data-id=\"2c7c6d7\" data-element_type=\"widget\" data-e-type=\"widget\" data-widget_type=\"image.default\">\n\t\t\t\t<div class=\"elementor-widget-container\">\n\t\t\t\t\t\t\t\t\t\t\t\t<figure class=\"wp-caption\">\n\t\t\t\t\t\t\t\t\t\t<img decoding=\"async\" width=\"843\" height=\"1024\" src=\"https:\/\/maison-aubert.fr\/wp-content\/uploads\/2023\/12\/boutique_rue_conti_XXe_siecle.jpg\" class=\"attachment-large size-large wp-image-1104\" alt=\"\" \/>\t\t\t\t\t\t\t\t\t\t\t<figcaption class=\"widget-image-caption wp-caption-text\">The shop at 32 rue Conti at the beginning of the 20th century<\/figcaption>\n\t\t\t\t\t\t\t\t\t\t<\/figure>\n\t\t\t\t\t\t\t\t\t<\/div>\n\t\t\t\t<\/div>\n\t\t\t\t<div class=\"elementor-element elementor-element-88c82cd elementor-widget elementor-widget-image\" data-id=\"88c82cd\" data-element_type=\"widget\" data-e-type=\"widget\" data-widget_type=\"image.default\">\n\t\t\t\t<div class=\"elementor-widget-container\">\n\t\t\t\t\t\t\t\t\t\t\t\t<figure class=\"wp-caption\">\n\t\t\t\t\t\t\t\t\t\t<img decoding=\"async\" width=\"1024\" height=\"581\" src=\"https:\/\/maison-aubert.fr\/wp-content\/uploads\/2023\/12\/Facture-historique_entete.jpg\" class=\"attachment-large size-large wp-image-1105\" alt=\"\" \/>\t\t\t\t\t\t\t\t\t\t\t<figcaption class=\"widget-image-caption wp-caption-text\">The distinctions of Aubert lemonades<\/figcaption>\n\t\t\t\t\t\t\t\t\t\t<\/figure>\n\t\t\t\t\t\t\t\t\t<\/div>\n\t\t\t\t<\/div>\n\t\t\t\t\t<\/div>\n\t\t\t\t<\/div>\n\t\t<div class=\"elementor-element elementor-element-c10b66f e-flex e-con-boxed e-con e-child\" data-id=\"c10b66f\" data-element_type=\"container\" data-e-type=\"container\">\n\t\t\t\t\t<div class=\"e-con-inner\">\n\t\t\t\t<div class=\"elementor-element elementor-element-0c150b5 elementor-widget elementor-widget-text-editor\" data-id=\"0c150b5\" data-element_type=\"widget\" data-e-type=\"widget\" data-widget_type=\"text-editor.default\">\n\t\t\t\t<div class=\"elementor-widget-container\">\n\t\t\t\t\t\t\t\t\t<p>This departure from the H\u00f4tel d&#039;Alfonce thus enabled a thorough restoration of the historic monument which has since made it one of the most renowned private mansions in P\u00e9zenas.<\/p><p>During this period, the Aubert establishments acquired numerous competing companies in the Pisc\u00e9noise region, and became an important player in the distribution of drinks on the H\u00e9rault coast.<br \/>The Aubert establishments were finally closed and the distribution activities sold in 1993 when Jean Aubert retired.<\/p><p>David Flipo, grandson of Jean Aubert, relaunched himself in the manufacture of Aubert lemonades by once again installing production in the family mansion in 2019.<\/p><p>Today, drinks are made in a nearby workshop, located in the city&#039;s artisanal zone. The H\u00f4tel d&#039;Alfonce remains a personal place, full of stories that Maison Aubert holds dear, hence the importance of keeping the direct sales shop for lemonades in these places.<\/p>\t\t\t\t\t\t\t\t<\/div>\n\t\t\t\t<\/div>\n\t\t\t\t<div class=\"elementor-element elementor-element-f4aa540 elementor-widget elementor-widget-image\" data-id=\"f4aa540\" data-element_type=\"widget\" data-e-type=\"widget\" data-widget_type=\"image.default\">\n\t\t\t\t<div class=\"elementor-widget-container\">\n\t\t\t\t\t\t\t\t\t\t\t\t<figure class=\"wp-caption\">\n\t\t\t\t\t\t\t\t\t\t<img decoding=\"async\" src=\"https:\/\/maison-aubert.fr\/wp-content\/uploads\/elementor\/thumbs\/Hotel-d-alphonce-qhdxq2jml9pywxbouuj3obp4qvl0s7cjoy8b86l3hg.jpg\" title=\"Hotel-d-alfonce\" alt=\"L&#039;Hotel d&#039;Alfonce de nos jours\" loading=\"lazy\" \/>\t\t\t\t\t\t\t\t\t\t\t<figcaption class=\"widget-image-caption wp-caption-text\">The Hotel d&#039;Alfonce today<\/figcaption>\n\t\t\t\t\t\t\t\t\t\t<\/figure>\n\t\t\t\t\t\t\t\t\t<\/div>\n\t\t\t\t<\/div>\n\t\t\t\t\t<\/div>\n\t\t\t\t<\/div>\n\t\t\t\t\t<\/div>\n\t\t\t\t<\/div>\n\t\t\t\t<\/div>","protected":false},"excerpt":{"rendered":"<p>Our History Let yourself be seduced by the history of a lemonade born in 1876! Jules Aubert, until then preparer at Caf\u00e9 Riche de\u2026<\/p>","protected":false},"author":1,"featured_media":0,"parent":0,"menu_order":0,"comment_status":"closed","ping_status":"closed","template":"","meta":{"inline_featured_image":false,"cybocfi_hide_featured_image":"","footnotes":""},"class_list":["post-1102","page","type-page","status-publish","hentry"],"yoast_head":"<!-- This site is optimized with the Yoast SEO plugin v27.5 - https:\/\/yoast.com\/product\/yoast-seo-wordpress\/ -->\n<title>Histoire - Maison Aubert<\/title>\n<meta name=\"robots\" content=\"index, follow, max-snippet:-1, max-image-preview:large, max-video-preview:-1\" \/>\n<link rel=\"canonical\" href=\"https:\/\/maison-aubert.fr\/en_en\/histoire\/\" \/>\n<meta property=\"og:locale\" content=\"en_GB\" \/>\n<meta property=\"og:type\" content=\"article\" \/>\n<meta property=\"og:title\" content=\"Histoire - Maison Aubert\" \/>\n<meta property=\"og:description\" content=\"Notre Histoire Laissez-vous s\u00e9duire par l\u2019histoire d\u2019une limonade n\u00e9e en 1876 ! Jules Aubert, jusqu&rsquo;alors pr\u00e9parateur au Caf\u00e9 Riche de...\" \/>\n<meta property=\"og:url\" content=\"https:\/\/maison-aubert.fr\/en_en\/histoire\/\" \/>\n<meta property=\"og:site_name\" content=\"Maison Aubert\" \/>\n<meta property=\"article:publisher\" content=\"https:\/\/www.facebook.com\/maison.aubert.limonades\" \/>\n<meta property=\"article:modified_time\" content=\"2023-12-28T20:17:22+00:00\" \/>\n<meta property=\"og:image\" content=\"https:\/\/maison-aubert.fr\/wp-content\/uploads\/2023\/12\/marcel-aubert-pose-avec-siphon.jpg\" \/>\n<meta name=\"twitter:card\" content=\"summary_large_image\" \/>\n<meta name=\"twitter:label1\" content=\"Estimated reading time\" \/>\n\t<meta name=\"twitter:data1\" content=\"2 minutes\" \/>\n<script type=\"application\/ld+json\" class=\"yoast-schema-graph\">{\"@context\":\"https:\\\/\\\/schema.org\",\"@graph\":[{\"@type\":\"WebPage\",\"@id\":\"https:\\\/\\\/maison-aubert.fr\\\/histoire\\\/\",\"url\":\"https:\\\/\\\/maison-aubert.fr\\\/histoire\\\/\",\"name\":\"Histoire - Maison Aubert\",\"isPartOf\":{\"@id\":\"https:\\\/\\\/maison-aubert.fr\\\/#website\"},\"primaryImageOfPage\":{\"@id\":\"https:\\\/\\\/maison-aubert.fr\\\/histoire\\\/#primaryimage\"},\"image\":{\"@id\":\"https:\\\/\\\/maison-aubert.fr\\\/histoire\\\/#primaryimage\"},\"thumbnailUrl\":\"https:\\\/\\\/maison-aubert.fr\\\/wp-content\\\/uploads\\\/2023\\\/12\\\/marcel-aubert-pose-avec-siphon.jpg\",\"datePublished\":\"2023-12-26T15:56:35+00:00\",\"dateModified\":\"2023-12-28T20:17:22+00:00\",\"breadcrumb\":{\"@id\":\"https:\\\/\\\/maison-aubert.fr\\\/histoire\\\/#breadcrumb\"},\"inLanguage\":\"en-GB\",\"potentialAction\":[{\"@type\":\"ReadAction\",\"target\":[\"https:\\\/\\\/maison-aubert.fr\\\/histoire\\\/\"]}]},{\"@type\":\"ImageObject\",\"inLanguage\":\"en-GB\",\"@id\":\"https:\\\/\\\/maison-aubert.fr\\\/histoire\\\/#primaryimage\",\"url\":\"https:\\\/\\\/maison-aubert.fr\\\/wp-content\\\/uploads\\\/2023\\\/12\\\/marcel-aubert-pose-avec-siphon.jpg\",\"contentUrl\":\"https:\\\/\\\/maison-aubert.fr\\\/wp-content\\\/uploads\\\/2023\\\/12\\\/marcel-aubert-pose-avec-siphon.jpg\"},{\"@type\":\"BreadcrumbList\",\"@id\":\"https:\\\/\\\/maison-aubert.fr\\\/histoire\\\/#breadcrumb\",\"itemListElement\":[{\"@type\":\"ListItem\",\"position\":1,\"name\":\"Accueil\",\"item\":\"https:\\\/\\\/maison-aubert.fr\\\/\"},{\"@type\":\"ListItem\",\"position\":2,\"name\":\"Histoire\"}]},{\"@type\":\"WebSite\",\"@id\":\"https:\\\/\\\/maison-aubert.fr\\\/#website\",\"url\":\"https:\\\/\\\/maison-aubert.fr\\\/\",\"name\":\"Maison Aubert - Limonade artisanale en Occitanie\",\"description\":\"Limonade artisanale en Occitanie - Maison Aubert, Ce que le Sud a de + frais\",\"publisher\":{\"@id\":\"https:\\\/\\\/maison-aubert.fr\\\/#organization\"},\"potentialAction\":[{\"@type\":\"SearchAction\",\"target\":{\"@type\":\"EntryPoint\",\"urlTemplate\":\"https:\\\/\\\/maison-aubert.fr\\\/?s={search_term_string}\"},\"query-input\":{\"@type\":\"PropertyValueSpecification\",\"valueRequired\":true,\"valueName\":\"search_term_string\"}}],\"inLanguage\":\"en-GB\"},{\"@type\":\"Organization\",\"@id\":\"https:\\\/\\\/maison-aubert.fr\\\/#organization\",\"name\":\"Maison Aubert\",\"url\":\"https:\\\/\\\/maison-aubert.fr\\\/\",\"logo\":{\"@type\":\"ImageObject\",\"inLanguage\":\"en-GB\",\"@id\":\"https:\\\/\\\/maison-aubert.fr\\\/#\\\/schema\\\/logo\\\/image\\\/\",\"url\":\"https:\\\/\\\/maison-aubert.fr\\\/wp-content\\\/uploads\\\/2023\\\/12\\\/Logo-150-x-150.svg\",\"contentUrl\":\"https:\\\/\\\/maison-aubert.fr\\\/wp-content\\\/uploads\\\/2023\\\/12\\\/Logo-150-x-150.svg\",\"width\":150,\"height\":150,\"caption\":\"Maison Aubert\"},\"image\":{\"@id\":\"https:\\\/\\\/maison-aubert.fr\\\/#\\\/schema\\\/logo\\\/image\\\/\"},\"sameAs\":[\"https:\\\/\\\/www.facebook.com\\\/maison.aubert.limonades\",\"https:\\\/\\\/www.instagram.com\\\/maison.aubert\\\/\",\"https:\\\/\\\/www.linkedin.com\\\/company\\\/26254573\\\/\"]}]}<\/script>\n<!-- \/ Yoast SEO plugin. -->","yoast_head_json":{"title":"History - Maison Aubert","robots":{"index":"index","follow":"follow","max-snippet":"max-snippet:-1","max-image-preview":"max-image-preview:large","max-video-preview":"max-video-preview:-1"},"canonical":"https:\/\/maison-aubert.fr\/en_en\/histoire\/","og_locale":"en_GB","og_type":"article","og_title":"Histoire - Maison Aubert","og_description":"Notre Histoire Laissez-vous s\u00e9duire par l\u2019histoire d\u2019une limonade n\u00e9e en 1876 ! Jules Aubert, jusqu&rsquo;alors pr\u00e9parateur au Caf\u00e9 Riche de...","og_url":"https:\/\/maison-aubert.fr\/en_en\/histoire\/","og_site_name":"Maison Aubert","article_publisher":"https:\/\/www.facebook.com\/maison.aubert.limonades","article_modified_time":"2023-12-28T20:17:22+00:00","og_image":[{"url":"https:\/\/maison-aubert.fr\/wp-content\/uploads\/2023\/12\/marcel-aubert-pose-avec-siphon.jpg","type":"","width":"","height":""}],"twitter_card":"summary_large_image","twitter_misc":{"Estimated reading time":"2 minutes"},"schema":{"@context":"https:\/\/schema.org","@graph":[{"@type":"WebPage","@id":"https:\/\/maison-aubert.fr\/histoire\/","url":"https:\/\/maison-aubert.fr\/histoire\/","name":"History - Maison Aubert","isPartOf":{"@id":"https:\/\/maison-aubert.fr\/#website"},"primaryImageOfPage":{"@id":"https:\/\/maison-aubert.fr\/histoire\/#primaryimage"},"image":{"@id":"https:\/\/maison-aubert.fr\/histoire\/#primaryimage"},"thumbnailUrl":"https:\/\/maison-aubert.fr\/wp-content\/uploads\/2023\/12\/marcel-aubert-pose-avec-siphon.jpg","datePublished":"2023-12-26T15:56:35+00:00","dateModified":"2023-12-28T20:17:22+00:00","breadcrumb":{"@id":"https:\/\/maison-aubert.fr\/histoire\/#breadcrumb"},"inLanguage":"en-GB","potentialAction":[{"@type":"ReadAction","target":["https:\/\/maison-aubert.fr\/histoire\/"]}]},{"@type":"ImageObject","inLanguage":"en-GB","@id":"https:\/\/maison-aubert.fr\/histoire\/#primaryimage","url":"https:\/\/maison-aubert.fr\/wp-content\/uploads\/2023\/12\/marcel-aubert-pose-avec-siphon.jpg","contentUrl":"https:\/\/maison-aubert.fr\/wp-content\/uploads\/2023\/12\/marcel-aubert-pose-avec-siphon.jpg"},{"@type":"BreadcrumbList","@id":"https:\/\/maison-aubert.fr\/histoire\/#breadcrumb","itemListElement":[{"@type":"ListItem","position":1,"name":"Accueil","item":"https:\/\/maison-aubert.fr\/"},{"@type":"ListItem","position":2,"name":"Histoire"}]},{"@type":"WebSite","@id":"https:\/\/maison-aubert.fr\/#website","url":"https:\/\/maison-aubert.fr\/","name":"Maison Aubert - Artisanal lemonade in Occitania","description":"Artisanal lemonade in Occitanie - Maison Aubert, What&#039;s fresher in the South","publisher":{"@id":"https:\/\/maison-aubert.fr\/#organization"},"potentialAction":[{"@type":"SearchAction","target":{"@type":"EntryPoint","urlTemplate":"https:\/\/maison-aubert.fr\/?s={search_term_string}"},"query-input":{"@type":"PropertyValueSpecification","valueRequired":true,"valueName":"search_term_string"}}],"inLanguage":"en-GB"},{"@type":"Organization","@id":"https:\/\/maison-aubert.fr\/#organization","name":"Maison Aubert","url":"https:\/\/maison-aubert.fr\/","logo":{"@type":"ImageObject","inLanguage":"en-GB","@id":"https:\/\/maison-aubert.fr\/#\/schema\/logo\/image\/","url":"https:\/\/maison-aubert.fr\/wp-content\/uploads\/2023\/12\/Logo-150-x-150.svg","contentUrl":"https:\/\/maison-aubert.fr\/wp-content\/uploads\/2023\/12\/Logo-150-x-150.svg","width":150,"height":150,"caption":"Maison Aubert"},"image":{"@id":"https:\/\/maison-aubert.fr\/#\/schema\/logo\/image\/"},"sameAs":["https:\/\/www.facebook.com\/maison.aubert.limonades","https:\/\/www.instagram.com\/maison.aubert\/","https:\/\/www.linkedin.com\/company\/26254573\/"]}]}},"jetpack_sharing_enabled":true,"rttpg_featured_image_url":null,"rttpg_author":{"display_name":"wooadmin","author_link":"https:\/\/maison-aubert.fr\/en_en\/author\/wooadmin\/"},"rttpg_comment":0,"rttpg_category":null,"rttpg_excerpt":"Notre Histoire Laissez-vous s\u00e9duire par l\u2019histoire d\u2019une limonade n\u00e9e en 1876 ! Jules Aubert, jusqu&rsquo;alors pr\u00e9parateur au Caf\u00e9 Riche de...","_links":{"self":[{"href":"https:\/\/maison-aubert.fr\/en_en\/wp-json\/wp\/v2\/pages\/1102","targetHints":{"allow":["GET"]}}],"collection":[{"href":"https:\/\/maison-aubert.fr\/en_en\/wp-json\/wp\/v2\/pages"}],"about":[{"href":"https:\/\/maison-aubert.fr\/en_en\/wp-json\/wp\/v2\/types\/page"}],"author":[{"embeddable":true,"href":"https:\/\/maison-aubert.fr\/en_en\/wp-json\/wp\/v2\/users\/1"}],"replies":[{"embeddable":true,"href":"https:\/\/maison-aubert.fr\/en_en\/wp-json\/wp\/v2\/comments?post=1102"}],"version-history":[{"count":9,"href":"https:\/\/maison-aubert.fr\/en_en\/wp-json\/wp\/v2\/pages\/1102\/revisions"}],"predecessor-version":[{"id":1245,"href":"https:\/\/maison-aubert.fr\/en_en\/wp-json\/wp\/v2\/pages\/1102\/revisions\/1245"}],"wp:attachment":[{"href":"https:\/\/maison-aubert.fr\/en_en\/wp-json\/wp\/v2\/media?parent=1102"}],"curies":[{"name":"wp","href":"https:\/\/api.w.org\/{rel}","templated":true}]}}