{"id":1006,"date":"2023-12-22T15:40:12","date_gmt":"2023-12-22T14:40:12","guid":{"rendered":"https:\/\/boutique.maison-aubert.fr\/?page_id=1006"},"modified":"2024-01-12T22:02:49","modified_gmt":"2024-01-12T21:02:49","slug":"demande-dacces-pro","status":"publish","type":"page","link":"https:\/\/maison-aubert.fr\/en_en\/demande-dacces-pro\/","title":{"rendered":"PRO access request"},"content":{"rendered":"<div data-elementor-type=\"wp-page\" data-elementor-id=\"1006\" class=\"elementor elementor-1006\">\n\t\t\t\t<div class=\"elementor-element elementor-element-d8ed9c2 e-flex e-con-boxed e-con e-parent\" data-id=\"d8ed9c2\" data-element_type=\"container\" data-e-type=\"container\">\n\t\t\t\t\t<div class=\"e-con-inner\">\n\t\t\t\t<div class=\"elementor-element elementor-element-650c091 elementor-widget elementor-widget-heading\" data-id=\"650c091\" data-element_type=\"widget\" data-e-type=\"widget\" data-widget_type=\"heading.default\">\n\t\t\t\t<div class=\"elementor-widget-container\">\n\t\t\t\t\t<h2 class=\"elementor-heading-title elementor-size-default\">PRO access request<\/h2>\t\t\t\t<\/div>\n\t\t\t\t<\/div>\n\t\t\t\t\t<\/div>\n\t\t\t\t<\/div>\n\t\t<div class=\"elementor-element elementor-element-188b418 e-flex e-con-boxed e-con e-parent\" data-id=\"188b418\" data-element_type=\"container\" data-e-type=\"container\">\n\t\t\t\t\t<div class=\"e-con-inner\">\n\t\t\t\t<div class=\"elementor-element elementor-element-fb66b50 elementor-widget elementor-widget-text-editor\" data-id=\"fb66b50\" data-element_type=\"widget\" data-e-type=\"widget\" data-widget_type=\"text-editor.default\">\n\t\t\t\t<div class=\"elementor-widget-container\">\n\t\t\t\t\t\t\t\t\t<p>Would you like to be able to access our professional prices when placing your orders on our website?<\/p>\n<p>We thank you for completing the form below and our team will activate your access as soon as possible.<\/p>\t\t\t\t\t\t\t\t<\/div>\n\t\t\t\t<\/div>\n\t\t\t\t\t<\/div>\n\t\t\t\t<\/div>\n\t\t<div class=\"elementor-element elementor-element-ce13820 e-flex e-con-boxed e-con e-parent\" data-id=\"ce13820\" data-element_type=\"container\" data-e-type=\"container\" data-settings=\"{&quot;background_background&quot;:&quot;classic&quot;}\">\n\t\t\t\t\t<div class=\"e-con-inner\">\n\t\t\t\t<div class=\"elementor-element elementor-element-8a23872 elementor-widget elementor-widget-shortcode\" data-id=\"8a23872\" data-element_type=\"widget\" data-e-type=\"widget\" data-widget_type=\"shortcode.default\">\n\t\t\t\t<div class=\"elementor-widget-container\">\n\t\t\t\t\t\t\t<div class=\"elementor-shortcode\">\t<div class='user-registration ur-frontend-form' id='user-registration-form-933'>\n\t\t\t\t\t\t\t\t<form method='post' class='register' data-form-id=\"933\"\n\t\t\t\tdata-enable-strength-password=\"1\" data-minimum-password-strength=\"3\"\n\t\t\t\t\t\t\t\t\t\t\t\t\t\t\t data-captcha-enabled=\"1\" action=\"\">\n\n\t\t\t\t<div class=\"ur-form-row\" data-row-id=\"0\">\t\t\t\t\t\t\t<div class=\"ur-form-grid ur-grid-1\"\n\t\t\t\t\t\t\t\tstyle=\"width:48%\">\n\t\t\t\t\t\t\t\t\t\t\t\t\t\t\t\t<div  data-field-id=\"user_login\" class=\"ur-field-item field-user_login\" data-ref-id=\"user_login\" data-field-pattern-enabled=\"0\" data-field-pattern-value=\" \" data-field-pattern-message=\" \">\n\t\t\t\t\t\t\t\t\t\t<div class=\"form-row validate-required\" id=\"user_login_field\" data-priority=\"\" ><label for=\"user_login\" class=\"ur-label\">Login <abbr class=\"required\" title=\"required\">*<\/abbr><\/label> <span class=\"input-wrapper\"> <input  data-rules=\"\" data-id=\"user_login\" type=\"text\" class=\"input-text   input-text ur-frontend-field\" name=\"user_login\" id=\"user_login\" placeholder=\"\"  value=\"\" required=\"required\" data-label=\"Login\" \/> <\/span> <span class=\"description\">You can only use alphanumeric characters, and space_.\\-@<\/span><\/div>\t\t\t\t\t\t\t\t\t<\/div>\n\t\t\t\t\t\t\t\t\t\t\t\t\t\t\t\t\t\t<div  data-field-id=\"user_pass\" class=\"ur-field-item field-user_pass\" data-ref-id=\"user_pass\" data-field-pattern-enabled=\"0\" data-field-pattern-value=\" \" data-field-pattern-message=\" \">\n\t\t\t\t\t\t\t\t\t\t<div class=\"form-row validate-required hide_show_password\" id=\"user_pass_field\" data-priority=\"\"><label for=\"user_pass\" class=\"ur-label\">Password <abbr class=\"required\" title=\"required\">*<\/abbr><\/label> <span class=\"input-wrapper\"> <span class=\"password-input-group input-form-field-icons\"><input data-rules=\"\" data-id=\"user_pass\" type=\"password\" class=\"input-text  input-password ur-frontend-field\" name=\"user_pass\" id=\"user_pass\" placeholder=\"\"  value=\"\" required=\"required\" data-label=\"Mot de passe\" \/><\/span> <\/span> <\/div>\t\t\t\t\t\t\t\t\t<\/div>\n\t\t\t\t\t\t\t\t\t\t\t\t\t\t\t\t\t\t<div  data-field-id=\"user_confirm_password\" class=\"ur-field-item field-user_confirm_password\" data-ref-id=\"user_confirm_password\" data-field-pattern-enabled=\"0\" data-field-pattern-value=\" \" data-field-pattern-message=\" \">\n\t\t\t\t\t\t\t\t\t\t<div class=\"form-row validate-required hide_show_password\" id=\"user_confirm_password_field\" data-priority=\"\"><label for=\"user_confirm_password\" class=\"ur-label\">Confirm password <abbr class=\"required\" title=\"required\">*<\/abbr><\/label> <span class=\"input-wrapper\"> <span class=\"password-input-group input-form-field-icons\"><input data-rules=\"\" data-id=\"user_confirm_password\" type=\"password\" class=\"input-text  input-password ur-frontend-field\" name=\"user_confirm_password\" id=\"user_confirm_password\" placeholder=\"\"  value=\"\" required=\"required\" data-label=\"Confirmer le mot de passe\" \/><\/span> <\/span> <\/div>\t\t\t\t\t\t\t\t\t<\/div>\n\t\t\t\t\t\t\t\t\t\t\t\t\t\t\t\t<\/div>\n\t\t\t\t\t\t\t\t\t\t\t\t\t\t<div class=\"ur-form-grid ur-grid-2\"\n\t\t\t\t\t\t\t\tstyle=\"width:48%\">\n\t\t\t\t\t\t\t\t\t\t\t\t\t\t\t\t<div  data-field-id=\"user_email\" class=\"ur-field-item field-user_email\" data-ref-id=\"user_email\" data-field-pattern-enabled=\"0\" data-field-pattern-value=\" \" data-field-pattern-message=\" \">\n\t\t\t\t\t\t\t\t\t\t<div class=\"form-row validate-required\" id=\"user_email_field\" data-priority=\"\" ><label for=\"user_email\" class=\"ur-label\">E-mail <abbr class=\"required\" title=\"required\">*<\/abbr><\/label> <span class=\"input-wrapper\"> <input  data-rules=\"\" data-id=\"user_email\" type=\"email\" class=\"input-text   input-email ur-frontend-field\" name=\"user_email\" id=\"user_email\" placeholder=\"\"  value=\"\" required=\"required\" data-label=\"Email\" \/> <\/span> <\/div>\t\t\t\t\t\t\t\t\t<\/div>\n\t\t\t\t\t\t\t\t\t\t\t\t\t\t\t\t\t\t<div  data-field-id=\"user_confirm_email\" class=\"ur-field-item field-user_confirm_email\" data-ref-id=\"user_confirm_email\" data-field-pattern-enabled=\"0\" data-field-pattern-value=\" \" data-field-pattern-message=\" \">\n\t\t\t\t\t\t\t\t\t\t<div class=\"form-row validate-required\" id=\"user_confirm_email_field\" data-priority=\"\" ><label for=\"user_confirm_email\" class=\"ur-label\">Confirm Email <abbr class=\"required\" title=\"required\">*<\/abbr><\/label> <span class=\"input-wrapper\"> <input  data-rules=\"\" data-id=\"user_confirm_email\" type=\"email\" class=\"input-text   input-email ur-frontend-field\" name=\"user_confirm_email\" id=\"user_confirm_email\" placeholder=\"\"  value=\"\" required=\"required\" data-label=\"Confirmer Email\" \/> <\/span> <\/div>\t\t\t\t\t\t\t\t\t<\/div>\n\t\t\t\t\t\t\t\t\t\t\t\t\t\t\t\t\t\t<div  data-field-id=\"input_box_1703255211\" class=\"ur-field-item field-text\" data-ref-id=\"input_box_1703255211\" data-field-pattern-enabled=\"0\" data-field-pattern-value=\" \" data-field-pattern-message=\" \">\n\t\t\t\t\t\t\t\t\t\t<div class=\"form-row validate-required\" id=\"input_box_1703255211_field\" data-priority=\"\" ><label for=\"input_box_1703255211\" class=\"ur-label\">SIRET <abbr class=\"required\" title=\"required\">*<\/abbr><\/label> <span class=\"input-wrapper\"> <input  data-rules=\"\" data-id=\"input_box_1703255211\" type=\"text\" class=\"input-text   input-text ur-frontend-field\" name=\"input_box_1703255211\" id=\"input_box_1703255211\" placeholder=\"\"  value=\"\" required=\"required\" data-label=\"SIRET\" minlength=\"14\" maxlength=\"14\" \/> <\/span> <\/div>\t\t\t\t\t\t\t\t\t<\/div>\n\t\t\t\t\t\t\t\t\t\t\t\t\t\t\t\t<\/div>\n\t\t\t\t\t\t\t\t\t\t\t\t\t<\/div>\n\t\t\t\t\t\t\t\t\t\t\t\t<div id=\"ur-recaptcha-node\"> <div id=\"node_recaptcha_register\" class=\"g-recaptcha\"><\/div><\/div>\t\t\t\t\t\t<div class=\"ur-button-container\" >\n\t\t\t\t\t\t\t\t\t\t\t\t\t\t<button type=\"submit\" class=\"btn button ur-submit-button\"  conditional_rules=\"&quot;&quot;\">\n\t\t\t\t\t\t\t\t<span><\/span>\n\t\t\t\t\t\t\t\tSend\t\t\t\t\t\t\t<\/button>\n\t\t\t\t\t\t\t\t\t\t\t\t\t\t\t\t\t\t\t\t<\/div>\n\t\t\t\t\t\t\n\t\t\t\t<div style=\"clear:both\"><\/div>\n\t\t\t\t\t\t\t\t<input type=\"hidden\" name=\"ur-registration-language\" value=\"en-GB\"\/>\n\t\t\t\t<input type=\"hidden\" name=\"ur-user-form-id\" value=\"933\"\/>\n\t\t\t\t<input type=\"hidden\" name=\"ur-redirect-url\" value=\"\"\/>\n\t\t\t\t<input type=\"hidden\" id=\"ur_frontend_form_nonce\" name=\"ur_frontend_form_nonce\" value=\"d9e6cd20bb\" \/>\n\t\t\t\t\n\t\t\t<input type=\"hidden\" name=\"trp-form-language\" value=\"en_en\"\/><\/form>\n\t\t\t\n\t\t<div style=\"clear:both\"><\/div>\n\t<\/div>\n\n<\/div>\n\t\t\t\t\t\t<\/div>\n\t\t\t\t<\/div>\n\t\t\t\t\t<\/div>\n\t\t\t\t<\/div>\n\t\t\t\t<\/div>","protected":false},"excerpt":{"rendered":"<p>PRO access request Would you like to be able to access our professional rates when placing orders on our website?\u2026<\/p>","protected":false},"author":1,"featured_media":0,"parent":0,"menu_order":0,"comment_status":"closed","ping_status":"closed","template":"","meta":{"inline_featured_image":false,"cybocfi_hide_featured_image":"","footnotes":""},"class_list":["post-1006","page","type-page","status-publish","hentry"],"yoast_head":"<!-- This site is optimized with the Yoast SEO plugin v27.5 - https:\/\/yoast.com\/product\/yoast-seo-wordpress\/ -->\n<title>Demande d&#039;acc\u00e8s PRO - Maison Aubert<\/title>\n<meta name=\"robots\" content=\"index, follow, max-snippet:-1, max-image-preview:large, max-video-preview:-1\" \/>\n<link rel=\"canonical\" href=\"https:\/\/maison-aubert.fr\/en_en\/demande-dacces-pro\/\" \/>\n<meta property=\"og:locale\" content=\"en_GB\" \/>\n<meta property=\"og:type\" content=\"article\" \/>\n<meta property=\"og:title\" content=\"Demande d&#039;acc\u00e8s PRO - Maison Aubert\" \/>\n<meta property=\"og:description\" content=\"Demande d&rsquo;acc\u00e8s PRO Vous souhaitez pouvoir acc\u00e9der \u00e0 nos tarifs professionnels lors de vos commandes sur notre site internet ?...\" \/>\n<meta property=\"og:url\" content=\"https:\/\/maison-aubert.fr\/en_en\/demande-dacces-pro\/\" \/>\n<meta property=\"og:site_name\" content=\"Maison Aubert\" \/>\n<meta property=\"article:publisher\" content=\"https:\/\/www.facebook.com\/maison.aubert.limonades\" \/>\n<meta property=\"article:modified_time\" content=\"2024-01-12T21:02:49+00:00\" \/>\n<meta name=\"twitter:card\" content=\"summary_large_image\" \/>\n<script type=\"application\/ld+json\" class=\"yoast-schema-graph\">{\"@context\":\"https:\\\/\\\/schema.org\",\"@graph\":[{\"@type\":\"WebPage\",\"@id\":\"https:\\\/\\\/maison-aubert.fr\\\/en_en\\\/demande-dacces-pro\\\/\",\"url\":\"https:\\\/\\\/maison-aubert.fr\\\/en_en\\\/demande-dacces-pro\\\/\",\"name\":\"Demande d'acc\u00e8s PRO - Maison Aubert\",\"isPartOf\":{\"@id\":\"https:\\\/\\\/maison-aubert.fr\\\/#website\"},\"datePublished\":\"2023-12-22T14:40:12+00:00\",\"dateModified\":\"2024-01-12T21:02:49+00:00\",\"breadcrumb\":{\"@id\":\"https:\\\/\\\/maison-aubert.fr\\\/en_en\\\/demande-dacces-pro\\\/#breadcrumb\"},\"inLanguage\":\"en-GB\",\"potentialAction\":[{\"@type\":\"ReadAction\",\"target\":[\"https:\\\/\\\/maison-aubert.fr\\\/en_en\\\/demande-dacces-pro\\\/\"]}]},{\"@type\":\"BreadcrumbList\",\"@id\":\"https:\\\/\\\/maison-aubert.fr\\\/en_en\\\/demande-dacces-pro\\\/#breadcrumb\",\"itemListElement\":[{\"@type\":\"ListItem\",\"position\":1,\"name\":\"Accueil\",\"item\":\"https:\\\/\\\/maison-aubert.fr\\\/\"},{\"@type\":\"ListItem\",\"position\":2,\"name\":\"Demande d&rsquo;acc\u00e8s PRO\"}]},{\"@type\":\"WebSite\",\"@id\":\"https:\\\/\\\/maison-aubert.fr\\\/#website\",\"url\":\"https:\\\/\\\/maison-aubert.fr\\\/\",\"name\":\"Maison Aubert - Limonade artisanale en Occitanie\",\"description\":\"Limonade artisanale en Occitanie - Maison Aubert, Ce que le Sud a de + frais\",\"publisher\":{\"@id\":\"https:\\\/\\\/maison-aubert.fr\\\/#organization\"},\"potentialAction\":[{\"@type\":\"SearchAction\",\"target\":{\"@type\":\"EntryPoint\",\"urlTemplate\":\"https:\\\/\\\/maison-aubert.fr\\\/?s={search_term_string}\"},\"query-input\":{\"@type\":\"PropertyValueSpecification\",\"valueRequired\":true,\"valueName\":\"search_term_string\"}}],\"inLanguage\":\"en-GB\"},{\"@type\":\"Organization\",\"@id\":\"https:\\\/\\\/maison-aubert.fr\\\/#organization\",\"name\":\"Maison Aubert\",\"url\":\"https:\\\/\\\/maison-aubert.fr\\\/\",\"logo\":{\"@type\":\"ImageObject\",\"inLanguage\":\"en-GB\",\"@id\":\"https:\\\/\\\/maison-aubert.fr\\\/#\\\/schema\\\/logo\\\/image\\\/\",\"url\":\"https:\\\/\\\/maison-aubert.fr\\\/wp-content\\\/uploads\\\/2023\\\/12\\\/Logo-150-x-150.svg\",\"contentUrl\":\"https:\\\/\\\/maison-aubert.fr\\\/wp-content\\\/uploads\\\/2023\\\/12\\\/Logo-150-x-150.svg\",\"width\":150,\"height\":150,\"caption\":\"Maison Aubert\"},\"image\":{\"@id\":\"https:\\\/\\\/maison-aubert.fr\\\/#\\\/schema\\\/logo\\\/image\\\/\"},\"sameAs\":[\"https:\\\/\\\/www.facebook.com\\\/maison.aubert.limonades\",\"https:\\\/\\\/www.instagram.com\\\/maison.aubert\\\/\",\"https:\\\/\\\/www.linkedin.com\\\/company\\\/26254573\\\/\"]}]}<\/script>\n<!-- \/ Yoast SEO plugin. -->","yoast_head_json":{"title":"PRO access request - Maison Aubert","robots":{"index":"index","follow":"follow","max-snippet":"max-snippet:-1","max-image-preview":"max-image-preview:large","max-video-preview":"max-video-preview:-1"},"canonical":"https:\/\/maison-aubert.fr\/en_en\/demande-dacces-pro\/","og_locale":"en_GB","og_type":"article","og_title":"Demande d'acc\u00e8s PRO - Maison Aubert","og_description":"Demande d&rsquo;acc\u00e8s PRO Vous souhaitez pouvoir acc\u00e9der \u00e0 nos tarifs professionnels lors de vos commandes sur notre site internet ?...","og_url":"https:\/\/maison-aubert.fr\/en_en\/demande-dacces-pro\/","og_site_name":"Maison Aubert","article_publisher":"https:\/\/www.facebook.com\/maison.aubert.limonades","article_modified_time":"2024-01-12T21:02:49+00:00","twitter_card":"summary_large_image","schema":{"@context":"https:\/\/schema.org","@graph":[{"@type":"WebPage","@id":"https:\/\/maison-aubert.fr\/en_en\/demande-dacces-pro\/","url":"https:\/\/maison-aubert.fr\/en_en\/demande-dacces-pro\/","name":"PRO access request - Maison Aubert","isPartOf":{"@id":"https:\/\/maison-aubert.fr\/#website"},"datePublished":"2023-12-22T14:40:12+00:00","dateModified":"2024-01-12T21:02:49+00:00","breadcrumb":{"@id":"https:\/\/maison-aubert.fr\/en_en\/demande-dacces-pro\/#breadcrumb"},"inLanguage":"en-GB","potentialAction":[{"@type":"ReadAction","target":["https:\/\/maison-aubert.fr\/en_en\/demande-dacces-pro\/"]}]},{"@type":"BreadcrumbList","@id":"https:\/\/maison-aubert.fr\/en_en\/demande-dacces-pro\/#breadcrumb","itemListElement":[{"@type":"ListItem","position":1,"name":"Accueil","item":"https:\/\/maison-aubert.fr\/"},{"@type":"ListItem","position":2,"name":"Demande d&rsquo;acc\u00e8s PRO"}]},{"@type":"WebSite","@id":"https:\/\/maison-aubert.fr\/#website","url":"https:\/\/maison-aubert.fr\/","name":"Maison Aubert - Artisanal lemonade in Occitania","description":"Artisanal lemonade in Occitanie - Maison Aubert, What&#039;s fresher in the South","publisher":{"@id":"https:\/\/maison-aubert.fr\/#organization"},"potentialAction":[{"@type":"SearchAction","target":{"@type":"EntryPoint","urlTemplate":"https:\/\/maison-aubert.fr\/?s={search_term_string}"},"query-input":{"@type":"PropertyValueSpecification","valueRequired":true,"valueName":"search_term_string"}}],"inLanguage":"en-GB"},{"@type":"Organization","@id":"https:\/\/maison-aubert.fr\/#organization","name":"Maison Aubert","url":"https:\/\/maison-aubert.fr\/","logo":{"@type":"ImageObject","inLanguage":"en-GB","@id":"https:\/\/maison-aubert.fr\/#\/schema\/logo\/image\/","url":"https:\/\/maison-aubert.fr\/wp-content\/uploads\/2023\/12\/Logo-150-x-150.svg","contentUrl":"https:\/\/maison-aubert.fr\/wp-content\/uploads\/2023\/12\/Logo-150-x-150.svg","width":150,"height":150,"caption":"Maison Aubert"},"image":{"@id":"https:\/\/maison-aubert.fr\/#\/schema\/logo\/image\/"},"sameAs":["https:\/\/www.facebook.com\/maison.aubert.limonades","https:\/\/www.instagram.com\/maison.aubert\/","https:\/\/www.linkedin.com\/company\/26254573\/"]}]}},"jetpack_sharing_enabled":true,"rttpg_featured_image_url":null,"rttpg_author":{"display_name":"wooadmin","author_link":"https:\/\/maison-aubert.fr\/en_en\/author\/wooadmin\/"},"rttpg_comment":0,"rttpg_category":null,"rttpg_excerpt":"Demande d&rsquo;acc\u00e8s PRO Vous souhaitez pouvoir acc\u00e9der \u00e0 nos tarifs professionnels lors de vos commandes sur notre site internet ?...","_links":{"self":[{"href":"https:\/\/maison-aubert.fr\/en_en\/wp-json\/wp\/v2\/pages\/1006","targetHints":{"allow":["GET"]}}],"collection":[{"href":"https:\/\/maison-aubert.fr\/en_en\/wp-json\/wp\/v2\/pages"}],"about":[{"href":"https:\/\/maison-aubert.fr\/en_en\/wp-json\/wp\/v2\/types\/page"}],"author":[{"embeddable":true,"href":"https:\/\/maison-aubert.fr\/en_en\/wp-json\/wp\/v2\/users\/1"}],"replies":[{"embeddable":true,"href":"https:\/\/maison-aubert.fr\/en_en\/wp-json\/wp\/v2\/comments?post=1006"}],"version-history":[{"count":18,"href":"https:\/\/maison-aubert.fr\/en_en\/wp-json\/wp\/v2\/pages\/1006\/revisions"}],"predecessor-version":[{"id":1047,"href":"https:\/\/maison-aubert.fr\/en_en\/wp-json\/wp\/v2\/pages\/1006\/revisions\/1047"}],"wp:attachment":[{"href":"https:\/\/maison-aubert.fr\/en_en\/wp-json\/wp\/v2\/media?parent=1006"}],"curies":[{"name":"wp","href":"https:\/\/api.w.org\/{rel}","templated":true}]}}